{"id":24053,"date":"2023-04-25T16:38:27","date_gmt":"2023-04-25T20:38:27","guid":{"rendered":"https:\/\/ithq.devbeet.com\/?page_id=24053"},"modified":"2024-11-12T19:09:36","modified_gmt":"2024-11-13T00:09:36","slug":"robert-laporte","status":"publish","type":"page","link":"https:\/\/ithq.devbeet.com\/en\/research\/robert-laporte\/","title":{"rendered":"Robert Laporte"},"content":{"rendered":"  <section class=\"anchors-banner-block theme-block alignfull\">\n    <div class=\"anchors-banner__links container\">\n              <div class=\"anchors-banner__btns\">\n          <div class=\"anchors-banner__btns__wrapper anchors-banner__btns-carousel swiper\">\n            <div class=\"swiper-wrapper\">\n                                <div class=\"swiper-slide\">\n                    <a href=\"#unite\" class=\"link\"><span>Research unit<\/span><\/a>                  <\/div>\n                  \n                                    <div class=\"swiper-slide\">\n                    <a href=\"#interet\" class=\"link\"><span>Research interests<\/span><\/a>                  <\/div>\n                  \n                                    <div class=\"swiper-slide\">\n                    <a href=\"#biographie\" class=\"link\"><span>Bio<\/span><\/a>                  <\/div>\n                  \n                                    <div class=\"swiper-slide\">\n                    <a href=\"#projets-de-recherche-en-cours\" class=\"link\"><span>Current research projects<\/span><\/a>                  <\/div>\n                  \n                                    <div class=\"swiper-slide\">\n                    <a href=\"#communications\" class=\"link\"><span>Papers<\/span><\/a>                  <\/div>\n                  \n                                    <div class=\"swiper-slide\">\n                    <a href=\"#coordonnees\" class=\"link\"><span>Contact information<\/span><\/a>                  <\/div>\n                  \n                              <\/div>\n          <\/div>\n        <\/div>\n          <\/div>\n  <\/section>\n  \n\n\n<div class=\"wp-block-media-text alignwide has-media-on-the-right is-stacked-on-mobile\" style=\"grid-template-columns:auto 30%\"><div class=\"wp-block-media-text__content\">\n<h3 class=\"wp-block-heading\" id=\"unite\">Research unit<\/h3>\n\n\n\n<ul class=\"wp-block-list\">\n<li><mark style=\"background-color:rgba(0, 0, 0, 0)\" class=\"has-inline-color has-ctheme-02-color\"><a href=\"https:\/\/gastronomiqclab.ca\/\" data-type=\"URL\" data-id=\"https:\/\/gastronomiqclab.ca\/\" target=\"_blank\" rel=\"noopener\">GastronomiQc Lab<\/a><\/mark><\/li>\n<\/ul>\n\n\n\n<h3 class=\"wp-block-heading\" id=\"interet\">Research interests<\/h3>\n\n\n\n<ul class=\"wp-block-list\">\n<li>Innovative restaurant services business models<\/li>\n\n\n\n<li>Service design and service process mapping<\/li>\n\n\n\n<li>The value proposal in the hospitality industry<\/li>\n<\/ul>\n<\/div><figure class=\"wp-block-media-text__media\"><img loading=\"lazy\" decoding=\"async\" width=\"819\" height=\"1024\" src=\"https:\/\/assets.boitebeet.com\/ithq\/dev\/public\/uploads\/2023\/05\/ITHQ_robert-laporte-e1687913312150-819x1024.jpg\" alt=\"\" class=\"wp-image-23440 size-full\" srcset=\"https:\/\/assets.boitebeet.com\/ithq\/dev\/public\/uploads\/2023\/05\/ITHQ_robert-laporte-e1687913312150-819x1024.jpg 819w, https:\/\/assets.boitebeet.com\/ithq\/dev\/public\/uploads\/2023\/05\/ITHQ_robert-laporte-e1687913312150-600x750.jpg 600w, https:\/\/assets.boitebeet.com\/ithq\/dev\/public\/uploads\/2023\/05\/ITHQ_robert-laporte-e1687913312150-240x300.jpg 240w, https:\/\/assets.boitebeet.com\/ithq\/dev\/public\/uploads\/2023\/05\/ITHQ_robert-laporte-e1687913312150-768x960.jpg 768w, https:\/\/assets.boitebeet.com\/ithq\/dev\/public\/uploads\/2023\/05\/ITHQ_robert-laporte-e1687913312150.jpg 978w\" sizes=\"auto, (max-width: 819px) 100vw, 819px\" \/><\/figure><\/div>\n\n\n\n<h3 class=\"wp-block-heading\" id=\"biographie\">Bio<\/h3>\n\n\n\n<p>Robert Laporte holds a bachelor&#8217;s degree in administration and a master&#8217;s degree in project management from UQAM. He completed his post-graduate studies at HEC Montr\u00e9al on the theme of change management. Recognized for his innovative teaching in food service marketing, he uses a project-based pedagogy and has a particular interest in human resource management, procurement and business process management in the industry, including restaurant service processes and added-value in service design. To this end, he develops various forms of linkages and collaborations with cultural industry partners to enrich students&#8217; understanding of management issues such as customer experience and strategic business development.<\/p>\n\n\n\n<p>With over ten years of experience as a manager and trainer in Restaurant\u00a0Management, Robert Laporte also participated in 2011 in writing and presenting a case study at the Annual Canadian Universities Conference of the Administrative Sciences Association of Canada, a professional organization concerned with the teaching, research and practice of management from a global perspective.\u00a0<\/p>\n\n\n\n<p>As a project supervisor at the Centre de recherche en gastronomie, he conducted a study to measure the influence of the chef&#8217;s presence in the dining room on customer satisfaction, consumption and patronage.<\/p>\n\n\n\n<h3 class=\"wp-block-heading\" id=\"projets-de-recherche-en-cours\">Current research projects<\/h3>\n\n\n\n<ul class=\"wp-block-list\">\n<li>Exp\u00e9rience des employ\u00e9s dans le secteur de la restauration ind\u00e9pendante au Qu\u00e9bec&nbsp;<\/li>\n\n\n\n<li>Processus d\u2019innovation culinaire et concours international<\/li>\n<\/ul>\n\n\n\n<h3 class=\"wp-block-heading\" id=\"communications\">Peer-reviewed publications&nbsp;<\/h3>\n\n\n\n<p>Laporte, R., Th\u00e9berge, N., &amp; Veilleux, S. (2023). Business model shift in independent restaurant operation: the COVID-19 impacts. <em>Journal of Foodservice Business Research<\/em>, 2023, 1-36. <br><a href=\"https:\/\/doi.org\/10.1080\/15378020.2023.2264883\" target=\"_blank\" rel=\"noreferrer noopener\">https:\/\/doi.org\/10.1080\/15378020.2023.2264883<\/a>&nbsp;<\/p>\n\n\n\n<p><strong>Scientific conferences and seminars&nbsp;<\/strong><\/p>\n\n\n\n<p>Laporte, R. (2022). L&#8217;identit\u00e9 culinaire de Montr\u00e9al &#8211; de la ferme \u00e0 l&#8217;assiette, panel member at the <em>Colloque de l&#8217;Office montr\u00e9alais de la gastronomie<\/em>, Montr\u00e9al, Qu\u00e9bec.<\/p>\n\n\n\n<p>Lagueux, J. Laporte, R., Fallu, J-M., &amp; Fernandez, P. (2015). \u00c9tude portant sur les r\u00f4les du chef de cuisine en salle \u00e0 manger : le cas du RDI &#8211; Synth\u00e8ses des r\u00e9sultats. Presentation to the Scientific Committee of the ITHQ, Montr\u00e9al, Qu\u00e9bec.<\/p>\n\n\n\n<p>Laporte, R., &amp; Dumas, L. (2011). Case study, writing and presentation of a case at the <em>Annual Conference of Canadian Universities of the Administrative Sciences Association <\/em>of Canada, UQAM, Montr\u00e9al, Qu\u00e9bec.<\/p>\n\n\n\n<p><strong>Posters<\/strong><\/p>\n\n\n\n<p>Lagueux, J., &amp; Laporte, R. P. (2015). Impact of the chef&#8217;s presence in the dining room on satisfaction, consumption and patronage. Poster presented at <em>Council on Hotel, Restaurant and Institutional Education (CHRIE),<\/em> Florida, USA.&nbsp;&nbsp;<\/p>\n\n\n\n<p><strong><strong>Research report<\/strong><\/strong><\/p>\n\n\n\n<p>Laporte, R. Th\u00e9berge, N. et Veilleux, S. (2021). R\u00e9sultats pr\u00e9liminaires de l\u2019\u00e9tude portant sur les mod\u00e8les d\u2019affaires en restauration&nbsp;: les effets de la COVID-19. <em>Revue biannuelle de l\u2019Association des restaurants du Qu\u00e9bec<\/em>, Montr\u00e9al, Qu\u00e9bec.&nbsp;<\/p>\n\n\n\n<section class=\"wp-block-vortex-blocks-contact-cta-columns alignwide contact-cta-columns-block\"><div class=\"contact-cta-columns-block__columns\">\n<div class=\"wp-block-vortex-blocks-contact-cta contact-cta-block\"><div class=\"contact-cta-block__inner\"><div class=\"contact-cta__icon-wrapper\"><div><svg width=\"42\" height=\"44\" viewBox=\"0 0 42 44\" fill=\"none\" xmlns=\"http:\/\/www.w3.org\/2000\/svg\"><path d=\"M0 17.1999a4 4 0 0 1 1.6594-3.2437l17-12.2672c1.3975-1.0084 3.2837-1.0084 4.6812 0l17 12.2672A3.9998 3.9998 0 0 1 42 17.1999V40c0 2.2091-1.7909 4-4 4H4c-2.2091 0-4-1.7909-4-4V17.1999Z\" fill=\"#fff\" class=\"fill-background-color\"><\/path><path d=\"M0 17.1999a4 4 0 0 1 1.6594-3.2437l17-12.2672c1.3975-1.0084 3.2837-1.0084 4.6812 0l17 12.2672A3.9998 3.9998 0 0 1 42 17.1999V40c0 2.2091-1.7909 4-4 4H4c-2.2091 0-4-1.7909-4-4V17.1999Z\" fill=\"#000\" class=\"fill-base-color\" fill-opacity=\".4\"><\/path><path fill=\"#000\" class=\"fill-base-color\" d=\"M6 5h30v33H6z\"><\/path><path d=\"m0 20 21 11.1818L42 20v20c0 2.2091-1.7909 4-4 4H4c-2.2091 0-4-1.7909-4-4V20Z\" fill=\"#fff\" class=\"fill-background-color\"><\/path><path d=\"m0 20 21 11.1818L42 20v20c0 2.2091-1.7909 4-4 4H4c-2.2091 0-4-1.7909-4-4V20Z\" fill=\"#000\" class=\"fill-base-color\" fill-opacity=\".6\"><\/path><path d=\"M23 14h-4v4h-4v4h12v-4h-4v-4Z\" fill=\"#fff\"><\/path><\/svg><\/div><\/div>\n<h2 class=\"wp-block-heading\" id=\"coordonnees\">Contact information<\/h2>\n\n\n\n<p>robert.laporte@ithq.qc.ca<\/p>\n<\/div><\/div>\n<\/div><\/section>\n","protected":false},"excerpt":{"rendered":"<p>Bio Robert Laporte holds a bachelor&#8217;s degree in administration and a master&#8217;s degree in project management from UQAM. He completed his post-graduate studies at HEC Montr\u00e9al on the theme of&hellip;<\/p>\n","protected":false},"author":1,"featured_media":0,"parent":23906,"menu_order":0,"comment_status":"closed","ping_status":"closed","template":"","meta":{"_acf_changed":false,"_price":"","_stock":"","_tribe_ticket_header":"","_tribe_default_ticket_provider":"","_ticket_start_date":"","_ticket_end_date":"","_tribe_ticket_show_description":"","_tribe_ticket_show_not_going":false,"_tribe_ticket_use_global_stock":"","_tribe_ticket_global_stock_level":"","_global_stock_mode":"","_global_stock_cap":"","_tribe_rsvp_for_event":"","_tribe_ticket_going_count":"","_tribe_ticket_not_going_count":"","_tribe_tickets_list":"[]","_tribe_ticket_has_attendee_info_fields":false,"wpo365_audiences":[],"wpo365_private":false,"footnotes":"","_tec_slr_enabled":"","_tec_slr_layout":""},"class_list":["post-24053","page","type-page","status-publish","hentry"],"acf":[],"ticketed":false,"_links":{"self":[{"href":"https:\/\/ithq.devbeet.com\/en\/wp-json\/wp\/v2\/pages\/24053","targetHints":{"allow":["GET"]}}],"collection":[{"href":"https:\/\/ithq.devbeet.com\/en\/wp-json\/wp\/v2\/pages"}],"about":[{"href":"https:\/\/ithq.devbeet.com\/en\/wp-json\/wp\/v2\/types\/page"}],"author":[{"embeddable":true,"href":"https:\/\/ithq.devbeet.com\/en\/wp-json\/wp\/v2\/users\/1"}],"replies":[{"embeddable":true,"href":"https:\/\/ithq.devbeet.com\/en\/wp-json\/wp\/v2\/comments?post=24053"}],"version-history":[{"count":0,"href":"https:\/\/ithq.devbeet.com\/en\/wp-json\/wp\/v2\/pages\/24053\/revisions"}],"up":[{"embeddable":true,"href":"https:\/\/ithq.devbeet.com\/en\/wp-json\/wp\/v2\/pages\/23906"}],"wp:attachment":[{"href":"https:\/\/ithq.devbeet.com\/en\/wp-json\/wp\/v2\/media?parent=24053"}],"curies":[{"name":"wp","href":"https:\/\/api.w.org\/{rel}","templated":true}]}}