{"id":24242,"date":"2023-04-25T17:48:11","date_gmt":"2023-04-25T21:48:11","guid":{"rendered":"https:\/\/ithq.devbeet.com\/?page_id=24242"},"modified":"2024-03-26T11:26:08","modified_gmt":"2024-03-26T15:26:08","slug":"optimizing-travel-agency-websites-using-eye-tracking-technology","status":"publish","type":"page","link":"https:\/\/ithq.devbeet.com\/en\/research\/research-projects\/optimizing-travel-agency-websites-using-eye-tracking-technology\/","title":{"rendered":"Optimizing travel agency websites using eye tracking technology"},"content":{"rendered":"  <section class=\"anchors-banner-block theme-block alignfull\">\n    <div class=\"anchors-banner__links container\">\n              <div class=\"anchors-banner__btns\">\n          <div class=\"anchors-banner__btns__wrapper anchors-banner__btns-carousel swiper\">\n            <div class=\"swiper-wrapper\">\n                                <div class=\"swiper-slide\">\n                    <a href=\"#unite\" class=\"link\"><span>Research unit<\/span><\/a>                  <\/div>\n                  \n                                    <div class=\"swiper-slide\">\n                    <a href=\"#chercheur-principal\" class=\"link\"><span>Lead researcher<\/span><\/a>                  <\/div>\n                  \n                                    <div class=\"swiper-slide\">\n                    <a href=\"#co-chercheurs\" class=\"link\"><span>Co-researchers<\/span><\/a>                  <\/div>\n                  \n                                    <div class=\"swiper-slide\">\n                    <a href=\"#partenaires\" class=\"link\"><span>Partners<\/span><\/a>                  <\/div>\n                  \n                                    <div class=\"swiper-slide\">\n                    <a href=\"#periode\" class=\"link\"><span>Period<\/span><\/a>                  <\/div>\n                  \n                                    <div class=\"swiper-slide\">\n                    <a href=\"#description\" class=\"link\"><span>Description<\/span><\/a>                  <\/div>\n                  \n                                    <div class=\"swiper-slide\">\n                    <a href=\"#sources-de-financement\" class=\"link\"><span>Funding sources<\/span><\/a>                  <\/div>\n                  \n                                    <div class=\"swiper-slide\">\n                    <a href=\"#mots-cles\" class=\"link\"><span>Keywords<\/span><\/a>                  <\/div>\n                  \n                              <\/div>\n          <\/div>\n        <\/div>\n          <\/div>\n  <\/section>\n  \n\n\n<h3 class=\"wp-block-heading\" id=\"unite\">Research unit<\/h3>\n\n\n\n<p><a href=\"https:\/\/ithq.devbeet.com\/en\/research\/experisens\/\" data-type=\"URL\" data-id=\"https:\/\/ithq.devbeet.com\/en\/research\/experisens\/\">ExperiSens<\/a><\/p>\n\n\n\n<h3 class=\"wp-block-heading\" id=\"chercheur-principal\">Lead researcher<\/h3>\n\n\n\n<p><a href=\"https:\/\/ithq.devbeet.com\/en\/research\/experisens\/julie-cote\/\" data-type=\"URL\" data-id=\"https:\/\/ithq.devbeet.com\/recherche\/experisens\/julie-cote-directrice-par-interim-de-experisens\/\">Julie C\u00f4t\u00e9<\/a>, Director, ExperiSens<\/p>\n\n\n\n<h3 class=\"wp-block-heading\" id=\"co-chercheurs\">Co-researchers<\/h3>\n\n\n\n<p>\u00c9milie Boutet-Fauteux (ITHQ)<\/p>\n\n\n\n<h3 class=\"wp-block-heading\" id=\"partenaires\">Partners<\/h3>\n\n\n\n<p>True Impact<\/p>\n\n\n\n<h3 class=\"wp-block-heading\" id=\"periode\">Period<\/h3>\n\n\n\n<p>2021-2022<\/p>\n\n\n\n<h3 class=\"wp-block-heading\" id=\"description\">Description<\/h3>\n\n\n\n<p>True Impact is a neuromarketing research and strategy firm that helps brands build loyalty and gain customers. The company uses neuroscience and biometric technologies to quantify human emotion toward advertising. By measuring brain and body reactions, True Impact can determine current customer interest and offer recommendations to improve it.&nbsp;<\/p>\n\n\n\n<p>In order to adapt this technology to the tourism industry, True Impact called upon the expertise of ExperiSens&#8217; research team to evaluate whether this technology could be successfully adapted to the hotel industry.&nbsp;<\/p>\n\n\n\n<p>The project focussed on the use of an eye-tracking system, a device that captured the attention centre of study participants when faced with a set of travel industry advertising images. The objective is to increase the efficiency and accuracy of the device&#8217;s predictive algorithm and to reduce false detections.<\/p>\n\n\n\n<h3 class=\"wp-block-heading\" id=\"sources-de-financement\">Funding sources<\/h3>\n\n\n\n<p>Partnership Engage Grant \u2013 Natural Sciences and Engineering Research Council of Canada (NSERC)<\/p>\n\n\n\n<h3 class=\"wp-block-heading\" id=\"mots-cles\">Keywords<\/h3>\n\n\n\n<p>Sensory marketing, consumer neuroscience, travel agency, human emotion, advertising, eye-tracking system, eye tracking, tourism<\/p>\n\n\n\n<section class=\"wp-block-vortex-blocks-contact-cta-columns alignwide contact-cta-columns-block\"><div class=\"contact-cta-columns-block__columns\">\n<div class=\"wp-block-vortex-blocks-contact-cta contact-cta-block\"><div class=\"contact-cta-block__inner\"><div class=\"contact-cta__icon-wrapper\"><div><svg width=\"41\" height=\"42\" viewBox=\"0 0 41 42\" fill=\"none\" xmlns=\"http:\/\/www.w3.org\/2000\/svg\"><path d=\"M0 41.5V14c0-2.2091 1.7909-4 4-4h23.5c2.2091 0 4 1.7909 4 4v17.5c0 2.2091-1.7909 4-4 4H7l-7 6Z\" fill=\"#000\" fill-opacity=\".5\" class=\"fill-base-color\"><\/path><path d=\"M40.5 35.5V4c0-2.2091-1.7909-4-4-4H15c-2.2091 0-4 1.7909-4 4v21.5c0 2.2091 1.7909 4 4 4h18.5l7 6Z\" fill=\"#000\" class=\"fill-base-color\"><\/path><path d=\"M21 12c0-2.5 1.9163-4 4.5-4 3 0 4.5 2 4.5 4 0 4-5 3-5 6v1\" stroke=\"#fff\" stroke-opacity=\".9\" stroke-width=\"3\"><\/path><circle cx=\"25\" cy=\"22\" r=\"2\" fill=\"#fff\" fill-opacity=\".9\"><\/circle><\/svg><\/div><\/div>\n<h3 class=\"wp-block-heading\">Any questions?<\/h3>\n\n\n\n<p>514-282-5115<br>or toll-free at 1-800-361-5111, ext. 5115<\/p>\n\n\n\n<div class=\"wp-block-button\"><a class=\"wp-block-button__link wp-element-button\" href=\"https:\/\/ithq.devbeet.com\/en\/research\/contact-our-research-team\/\">Contact us<\/a><\/div>\n<\/div><\/div>\n\n\n\n<div class=\"wp-block-vortex-blocks-contact-cta contact-cta-block\"><div class=\"contact-cta-block__inner\"><div class=\"contact-cta__icon-wrapper\"><div><svg width=\"42\" height=\"44\" viewBox=\"0 0 42 44\" fill=\"none\" xmlns=\"http:\/\/www.w3.org\/2000\/svg\"><path d=\"M0 17.1999a4 4 0 0 1 1.6594-3.2437l17-12.2672c1.3975-1.0084 3.2837-1.0084 4.6812 0l17 12.2672A3.9998 3.9998 0 0 1 42 17.1999V40c0 2.2091-1.7909 4-4 4H4c-2.2091 0-4-1.7909-4-4V17.1999Z\" fill=\"#fff\" class=\"fill-background-color\"><\/path><path d=\"M0 17.1999a4 4 0 0 1 1.6594-3.2437l17-12.2672c1.3975-1.0084 3.2837-1.0084 4.6812 0l17 12.2672A3.9998 3.9998 0 0 1 42 17.1999V40c0 2.2091-1.7909 4-4 4H4c-2.2091 0-4-1.7909-4-4V17.1999Z\" fill=\"#000\" class=\"fill-base-color\" fill-opacity=\".4\"><\/path><path fill=\"#000\" class=\"fill-base-color\" d=\"M6 5h30v33H6z\"><\/path><path d=\"m0 20 21 11.1818L42 20v20c0 2.2091-1.7909 4-4 4H4c-2.2091 0-4-1.7909-4-4V20Z\" fill=\"#fff\" class=\"fill-background-color\"><\/path><path d=\"m0 20 21 11.1818L42 20v20c0 2.2091-1.7909 4-4 4H4c-2.2091 0-4-1.7909-4-4V20Z\" fill=\"#000\" class=\"fill-base-color\" fill-opacity=\".6\"><\/path><path d=\"M23 14h-4v4h-4v4h12v-4h-4v-4Z\" fill=\"#fff\"><\/path><\/svg><\/div><\/div>\n<h3 class=\"wp-block-heading\">Receive our news by email<\/h3>\n\n\n\n<div class=\"wp-block-button\"><a class=\"wp-block-button__link wp-element-button\" href=\"https:\/\/ithq.devbeet.com\/en\/subscribe-to-the-newsletter\/\">Subscribe to our mailing list<\/a><\/div>\n<\/div><\/div>\n<\/div><\/section>\n","protected":false},"excerpt":{"rendered":"<p>Research unit ExperiSens Lead researcher Julie C\u00f4t\u00e9, Director, ExperiSens Co-researchers \u00c9milie Boutet-Fauteux (ITHQ) Partners True Impact Period 2021-2022 Description True Impact is a neuromarketing research and strategy firm that helps&hellip;<\/p>\n","protected":false},"author":1,"featured_media":0,"parent":24093,"menu_order":0,"comment_status":"closed","ping_status":"closed","template":"","meta":{"_acf_changed":false,"_price":"","_stock":"","_tribe_ticket_header":"","_tribe_default_ticket_provider":"","_ticket_start_date":"","_ticket_end_date":"","_tribe_ticket_show_description":"","_tribe_ticket_show_not_going":false,"_tribe_ticket_use_global_stock":"","_tribe_ticket_global_stock_level":"","_global_stock_mode":"","_global_stock_cap":"","_tribe_rsvp_for_event":"","_tribe_ticket_going_count":"","_tribe_ticket_not_going_count":"","_tribe_tickets_list":"[]","_tribe_ticket_has_attendee_info_fields":false,"wpo365_audiences":[],"wpo365_private":false,"footnotes":"","_tec_slr_enabled":"","_tec_slr_layout":""},"class_list":["post-24242","page","type-page","status-publish","hentry"],"acf":[],"ticketed":false,"_links":{"self":[{"href":"https:\/\/ithq.devbeet.com\/en\/wp-json\/wp\/v2\/pages\/24242","targetHints":{"allow":["GET"]}}],"collection":[{"href":"https:\/\/ithq.devbeet.com\/en\/wp-json\/wp\/v2\/pages"}],"about":[{"href":"https:\/\/ithq.devbeet.com\/en\/wp-json\/wp\/v2\/types\/page"}],"author":[{"embeddable":true,"href":"https:\/\/ithq.devbeet.com\/en\/wp-json\/wp\/v2\/users\/1"}],"replies":[{"embeddable":true,"href":"https:\/\/ithq.devbeet.com\/en\/wp-json\/wp\/v2\/comments?post=24242"}],"version-history":[{"count":0,"href":"https:\/\/ithq.devbeet.com\/en\/wp-json\/wp\/v2\/pages\/24242\/revisions"}],"up":[{"embeddable":true,"href":"https:\/\/ithq.devbeet.com\/en\/wp-json\/wp\/v2\/pages\/24093"}],"wp:attachment":[{"href":"https:\/\/ithq.devbeet.com\/en\/wp-json\/wp\/v2\/media?parent=24242"}],"curies":[{"name":"wp","href":"https:\/\/api.w.org\/{rel}","templated":true}]}}