{"id":24845,"date":"2023-02-16T13:53:19","date_gmt":"2023-02-16T18:53:19","guid":{"rendered":"https:\/\/ithq.devbeet.com\/?page_id=24845"},"modified":"2025-12-04T11:03:56","modified_gmt":"2025-12-04T16:03:56","slug":"contact-the-meetings-and-events-service","status":"publish","type":"page","link":"https:\/\/ithq.devbeet.com\/en\/meetings-and-events\/contact-the-meetings-and-events-service\/","title":{"rendered":"Contact the meetings and events service"},"content":{"rendered":"\n<div class=\"wp-block-vortex-blocks-notification-message notification-message-block\"><div class=\"notification-message-block__inner\"><p class=\"notification-message-block__title notification-title\"><\/p>\n<p>Our offices will be closed from December 24 to January 9 for the holiday break. Back on January 12.<\/p>\n<\/div><\/div>\n\n\n\n<h2 class=\"wp-block-heading\">Contact information<\/h2>\n\n\n\n<p>ITHQ &#8211; R\u00e9unions et \u00e9v\u00e9nements<br>3535, rue Saint-Denis, 6<sup>e<\/sup> \u00e9tage<br>Montr\u00e9al, (Qu\u00e9bec)&nbsp; H2X 3P1<\/p>\n\n\n\n<div class=\"wp-block-vortex-blocks-icons-list icons-list-block\"><ul>\n<li class=\"wp-block-vortex-blocks-icons-list-item list-item\" data-icon=\"station-metro\"><div class=\"list-item__icon-wrapper\"><svg width=\"22\" height=\"22\" viewBox=\"0 0 22 22\" fill=\"none\" xmlns=\"http:\/\/www.w3.org\/2000\/svg\"><rect x=\"1\" y=\"1\" width=\"20\" height=\"20\" rx=\"10\" stroke=\"#000\" stroke-width=\"2\" class=\"stroke-base-color\"><\/rect><path d=\"M11 0V15M11 15L5 9M11 15C11 15 13.8758 12.1242 17 9\" stroke=\"#000\" stroke-width=\"2\" class=\"stroke-base-color\"><\/path><\/svg><\/div><span class=\"list-item__text item-text\"><a href=\"http:\/\/www.stm.info\/metro\/mapmetro.htm\" target=\"_blank\" rel=\"noopener\">M\u00e9tro Sherbrooke<\/a><\/span><\/li>\n\n\n\n<li class=\"wp-block-vortex-blocks-icons-list-item list-item\" data-icon=\"lieu\"><div class=\"list-item__icon-wrapper\"><svg width=\"34\" height=\"35\" viewBox=\"0 0 34 35\" fill=\"none\" xmlns=\"http:\/\/www.w3.org\/2000\/svg\"><path d=\"M30.041 9C30.041 14.2345 25.0084 21.1465 22.4698 24.3002C21.725 25.2253 20.357 25.2253 19.6123 24.3002C17.0737 21.1465 12.041 14.2345 12.041 9C12.041 4.02944 16.0705 0 21.041 0C26.0116 0 30.041 4.02944 30.041 9Z\" fill=\"#000\" class=\"fill-base-color\"><\/path><circle cx=\"21.041\" cy=\"9\" r=\"4\" fill=\"white\" fill-opacity=\"0.7\" class=\"fill-background-color\"><\/circle><path fill-rule=\"evenodd\" clip-rule=\"evenodd\" d=\"M1.21713 19.3948C0.613448 17.463 2.05665 15.5 4.08057 15.5H11.0403V18.5H4.08057L8.14307 31.5H29.0158L26.1053 21.9367L28.9753 21.0633L31.8859 30.6265C32.4724 32.5538 31.0304 34.5 29.0158 34.5H8.14307C6.83092 34.5 5.67102 33.6473 5.27963 32.3948L1.21713 19.3948Z\" fill=\"#000\" class=\"fill-base-color\"><\/path><\/svg><\/div><span class=\"list-item__text item-text\"><a href=\"https:\/\/www.google.com\/maps\/place\/Institut+de+tourisme+et+d&#039;h%C3%B4tellerie+du+Qu%C3%A9bec\/@45.5177092,-73.5687593,17z\/data=!3m2!4b1!5s0x4cc91bb59e0fbe09:0xe9b06c8c865dad94!4m5!3m4!1s0x4cb89689af6003f7:0x61d1b766581a2c06!8m2!3d45.5177092!4d-73.5687593\" target=\"_blank\" rel=\"noopener\">see the map<\/a><\/span><\/li>\n\n\n\n<li class=\"wp-block-vortex-blocks-icons-list-item list-item\" data-icon=\"stationnement\"><div class=\"list-item__icon-wrapper\"><svg width=\"22\" height=\"22\" viewBox=\"0 0 22 22\" fill=\"none\" xmlns=\"http:\/\/www.w3.org\/2000\/svg\"><rect x=\"1\" y=\"1\" width=\"20\" height=\"20\" rx=\"1\" fill=\"#000\" fill-opacity=\".3\" stroke=\"#000\" stroke-width=\"2\" class=\"fill-base-color stroke-base-color\"><\/rect><path d=\"M8 17v-5m0 0V6h3c2 0 3.5 1 3.5 3S13 12 11 12H8Z\" stroke=\"#000\" stroke-width=\"2\" class=\"stroke-base-color\"><\/path><\/svg><\/div><span class=\"list-item__text item-text\"><a href=\"https:\/\/ithq.devbeet.com\/en\/meetings-and-events\/access-and-parking\/\">Access and parking<\/a><\/span><\/li>\n\n\n\n<li class=\"wp-block-vortex-blocks-icons-list-item list-item\" data-icon=\"outlook\"><div class=\"list-item__icon-wrapper\"><svg width=\"44\" height=\"44\" viewBox=\"0 0 44 44\" fill=\"none\" xmlns=\"http:\/\/www.w3.org\/2000\/svg\"><path fill-rule=\"evenodd\" clip-rule=\"evenodd\" d=\"M0.916016 5.19691V38.6023L26.7663 43.9308V0.27832L0.916016 5.19691ZM27.9973 18.9084V9.97886H42.5186C43.0529 9.97886 43.9998 10.747 43.9998 11.8186L31.278 20.8733C31.2 20.899 31.0311 20.8973 30.9532 20.8733L27.9973 18.9084ZM27.9973 21.3684H27.9989L30.696 23.2463C31.0405 23.5029 31.449 23.2943 31.5223 23.253C31.4591 23.2726 43.9998 14.8293 43.9998 14.8293V30.5836C43.9998 32.2986 42.9167 33.0179 41.6989 33.0179H27.9973V21.3684ZM18.2134 27.5468C17.121 28.9601 15.6967 29.6684 13.9389 29.6684C12.2261 29.6684 10.8319 28.9831 9.75284 27.614C8.67547 26.2434 8.13512 24.4596 8.13512 22.2593C8.13512 19.9361 8.68214 18.0572 9.77786 16.6226C10.8736 15.1881 12.3245 14.4699 14.1307 14.4699C15.8368 14.4699 17.2177 15.1553 18.2701 16.5292C19.3241 17.9031 19.8511 19.7132 19.8511 21.961C19.8528 24.271 19.3058 26.1336 18.2134 27.5468ZM13.902 17.2544C12.941 17.2544 12.1752 17.7004 11.6098 18.5906C11.0444 19.4809 10.7609 20.6595 10.7609 22.1265C10.7609 23.6153 11.0444 24.7922 11.6098 25.6573C12.1752 26.5241 12.9172 26.955 13.8341 26.955C14.7798 26.955 15.5302 26.5342 16.0837 25.6925C16.6373 24.8509 16.9157 23.6823 16.9157 22.1885C16.9157 20.631 16.6474 19.4189 16.1092 18.5521C15.571 17.687 14.8358 17.2544 13.902 17.2544Z\" fill=\"#000\" class=\"fill-base-color\"><\/path><\/svg><\/div><span class=\"list-item__text item-text\"><a href=\"mailto:ventes-hotel@ithq.qc.ca\">ventes-hotel@ithq.qc.ca<\/a><\/span><\/li>\n\n\n\n<li class=\"wp-block-vortex-blocks-icons-list-item list-item\" data-icon=\"questions\"><div class=\"list-item__icon-wrapper\"><svg width=\"41\" height=\"42\" viewBox=\"0 0 41 42\" fill=\"none\" xmlns=\"http:\/\/www.w3.org\/2000\/svg\"><path d=\"M0 41.5V14c0-2.2091 1.7909-4 4-4h23.5c2.2091 0 4 1.7909 4 4v17.5c0 2.2091-1.7909 4-4 4H7l-7 6Z\" fill=\"#000\" fill-opacity=\".5\" class=\"fill-base-color\"><\/path><path d=\"M40.5 35.5V4c0-2.2091-1.7909-4-4-4H15c-2.2091 0-4 1.7909-4 4v21.5c0 2.2091 1.7909 4 4 4h18.5l7 6Z\" fill=\"#000\" class=\"fill-base-color\"><\/path><path d=\"M21 12c0-2.5 1.9163-4 4.5-4 3 0 4.5 2 4.5 4 0 4-5 3-5 6v1\" stroke=\"#fff\" stroke-opacity=\".9\" stroke-width=\"3\"><\/path><circle cx=\"25\" cy=\"22\" r=\"2\" fill=\"#fff\" fill-opacity=\".9\"><\/circle><\/svg><\/div><span class=\"list-item__text item-text\"><a href=\"tel:5142825120\">514-282-5120<\/a> or toll-free at <a href=\"tel:18552298189\">1-855-229-8189<\/a>, option 2 (Canada and United States)<\/span><\/li>\n<\/ul><\/div>\n\n\n\n<p><\/p>\n","protected":false},"excerpt":{"rendered":"<p>Contact information ITHQ &#8211; R\u00e9unions et \u00e9v\u00e9nements3535, rue Saint-Denis, 6e \u00e9tageMontr\u00e9al, (Qu\u00e9bec)&nbsp; H2X 3P1<\/p>\n","protected":false},"author":1,"featured_media":0,"parent":15751,"menu_order":0,"comment_status":"closed","ping_status":"closed","template":"","meta":{"_acf_changed":false,"_price":"","_stock":"","_tribe_ticket_header":"","_tribe_default_ticket_provider":"","_ticket_start_date":"","_ticket_end_date":"","_tribe_ticket_show_description":"","_tribe_ticket_show_not_going":false,"_tribe_ticket_use_global_stock":"","_tribe_ticket_global_stock_level":"","_global_stock_mode":"","_global_stock_cap":"","_tribe_rsvp_for_event":"","_tribe_ticket_going_count":"","_tribe_ticket_not_going_count":"","_tribe_tickets_list":"[]","_tribe_ticket_has_attendee_info_fields":false,"wpo365_audiences":[],"wpo365_private":false,"footnotes":"","_tec_slr_enabled":"","_tec_slr_layout":""},"class_list":["post-24845","page","type-page","status-publish","hentry"],"acf":[],"ticketed":false,"_links":{"self":[{"href":"https:\/\/ithq.devbeet.com\/en\/wp-json\/wp\/v2\/pages\/24845","targetHints":{"allow":["GET"]}}],"collection":[{"href":"https:\/\/ithq.devbeet.com\/en\/wp-json\/wp\/v2\/pages"}],"about":[{"href":"https:\/\/ithq.devbeet.com\/en\/wp-json\/wp\/v2\/types\/page"}],"author":[{"embeddable":true,"href":"https:\/\/ithq.devbeet.com\/en\/wp-json\/wp\/v2\/users\/1"}],"replies":[{"embeddable":true,"href":"https:\/\/ithq.devbeet.com\/en\/wp-json\/wp\/v2\/comments?post=24845"}],"version-history":[{"count":2,"href":"https:\/\/ithq.devbeet.com\/en\/wp-json\/wp\/v2\/pages\/24845\/revisions"}],"predecessor-version":[{"id":62819,"href":"https:\/\/ithq.devbeet.com\/en\/wp-json\/wp\/v2\/pages\/24845\/revisions\/62819"}],"up":[{"embeddable":true,"href":"https:\/\/ithq.devbeet.com\/en\/wp-json\/wp\/v2\/pages\/15751"}],"wp:attachment":[{"href":"https:\/\/ithq.devbeet.com\/en\/wp-json\/wp\/v2\/media?parent=24845"}],"curies":[{"name":"wp","href":"https:\/\/api.w.org\/{rel}","templated":true}]}}