{"id":25416,"date":"2023-04-28T14:57:10","date_gmt":"2023-04-28T18:57:10","guid":{"rendered":"https:\/\/ithq.devbeet.com\/?page_id=25416"},"modified":"2025-11-24T14:02:18","modified_gmt":"2025-11-24T19:02:18","slug":"menu","status":"publish","type":"page","link":"https:\/\/ithq.devbeet.com\/en\/restaurants-and-bar\/bar-blanc-bec\/menu\/","title":{"rendered":"Menu"},"content":{"rendered":"  <section class=\"menus-carousel-block theme-block alignfull\">\n    <div class=\"block-heading container\">\n      <h2>\n        <span class=\"block-heading__title\"><\/span>\n        <span class=\"block-heading__subtitle\"><\/span>\n      <\/h2>\n    <\/div>\n    <div class=\"block-carousel__carousel-wrapper\">\n      <div class=\"block-carousel__carousel culinaryMenusCarousel swiper\">\n        <div class=\"swiper-wrapper\">\n                        <div class=\"culinary-menu-item-wrapper swiper-slide\">\n                <button class=\"culinary-menu-item openPopupWindow\" data-popup-id=\"culinary-menu-25456\" aria-expanded=\"false\" aria-controls=\"culinary-menu-25456\" aria-label=\"Open popup of Qu\u00e9bec beers\">\n                  <div class=\"culinary-menu-item__thumbnail\" style=\"background-image:url(https:\/\/assets.boitebeet.com\/ithq\/dev\/public\/uploads\/2023\/05\/Bar_biere-2.jpg);\"><\/div>\n                  <div class=\"culinary-menu-item__content-wrapper\">\n                    <div class=\"culinary-menu-item__content\">\n                      <div class=\"content-wrapper\">\n                        <p class=\"culinary-menu-item__title\">Qu\u00e9bec beers<\/p>\n                      <\/div>\n                      <div class=\"icon-wrapper\">\n                        <i class=\"plus\"><\/i>\n                        <i class=\"plus\"><\/i>\n                      <\/div>\n                    <\/div>\n                  <\/div>\n                <\/button>\n              <\/div>\n                                    <div class=\"culinary-menu-item-wrapper swiper-slide\">\n                <button class=\"culinary-menu-item openPopupWindow\" data-popup-id=\"culinary-menu-25461\" aria-expanded=\"false\" aria-controls=\"culinary-menu-25461\" aria-label=\"Open popup of Bubbles, wines &amp; ciders\">\n                  <div class=\"culinary-menu-item__thumbnail\" style=\"background-image:url(https:\/\/assets.boitebeet.com\/ithq\/dev\/public\/uploads\/2023\/05\/Bar_serveur_bulle.jpg);\"><\/div>\n                  <div class=\"culinary-menu-item__content-wrapper\">\n                    <div class=\"culinary-menu-item__content\">\n                      <div class=\"content-wrapper\">\n                        <p class=\"culinary-menu-item__title\">Bubbles, wines &amp; ciders<\/p>\n                      <\/div>\n                      <div class=\"icon-wrapper\">\n                        <i class=\"plus\"><\/i>\n                        <i class=\"plus\"><\/i>\n                      <\/div>\n                    <\/div>\n                  <\/div>\n                <\/button>\n              <\/div>\n                                    <div class=\"culinary-menu-item-wrapper swiper-slide\">\n                <button class=\"culinary-menu-item openPopupWindow\" data-popup-id=\"culinary-menu-25465\" aria-expanded=\"false\" aria-controls=\"culinary-menu-25465\" aria-label=\"Open popup of Appetizers\">\n                  <div class=\"culinary-menu-item__thumbnail\" style=\"background-image:url(https:\/\/assets.boitebeet.com\/ithq\/dev\/public\/uploads\/2024\/12\/Bar_plateau-fromages-charcuteries.jpg);\"><\/div>\n                  <div class=\"culinary-menu-item__content-wrapper\">\n                    <div class=\"culinary-menu-item__content\">\n                      <div class=\"content-wrapper\">\n                        <p class=\"culinary-menu-item__title\">Appetizers<\/p>\n                      <\/div>\n                      <div class=\"icon-wrapper\">\n                        <i class=\"plus\"><\/i>\n                        <i class=\"plus\"><\/i>\n                      <\/div>\n                    <\/div>\n                  <\/div>\n                <\/button>\n              <\/div>\n                              <\/div>\n        <div class=\"block-carousel__arrows\">\n          <div class=\"swiper-button-prev\"><\/div>\n          <div class=\"swiper-button-next\"><\/div>\n        <\/div>\n        <div class=\"block-carousel__scrollbar-wrapper\">\n          <div class=\"swiper-scrollbar\"><\/div>\n        <\/div>\n      <\/div>\n    <\/div>\n            <div id=\"culinary-menu-25456\" class=\"popup-wrapper popupWindow\" data-popup-id=\"culinary-menu-25456\" role=\"dialog\" aria-modal=\"true\" aria-hidden=\"true\" aria-labelledby=\"label-culinary-menu-25456\">\n          <div class=\"popup culinary-menu-popup\">\n            <button class=\"popup__close-btn closePopupWindow\">\n              <span class=\"sr-only\">Close popup of Qu\u00e9bec beers<\/span>\n              <i class=\"vtx-icon vtx-icon-close\" aria-hidden=\"true\"><\/i>\n            <\/button>\n            <div class=\"popup__inner\">\n              <div class=\"culinary-menu-popup__heading\">\n                <p class=\"culinary-menu-popup__title\" id=\"label-culinary-menu-25456\">Qu\u00e9bec beers<\/p>\n              <\/div>\n                            <div class=\"culinary-menu-popup__content wysiwyg\">\n                \n<ul class=\"wp-block-list\">\n<li><strong>Au vide sac<\/strong> <strong>\u2013<\/strong> <em><em><em>Ale Blonde<\/em> <em>4%<\/em> &#8211; 473 ml<\/em><\/em> , Brasserie Sir John 10<\/li>\n\n\n\n<li><strong>Ayersville<\/strong> <strong>\u2013<\/strong> <em><em><em><em>Pale Ale 5,2% &#8211; 355 ml<\/em><\/em><\/em><\/em> , Brasserie Sir John 11<\/li>\n\n\n\n<li><strong>Azote<\/strong> <strong>\u2013<\/strong> <em><em><em><em><em>Stout 4,7&nbsp;% &#8211; 473 ml<\/em><\/em><\/em><\/em><\/em> , Distillerie Menaud 10<\/li>\n\n\n\n<li><strong>Cyclope<\/strong> <strong>\u2013<\/strong> <em><em><em><em><em><em>IPA 5,7&nbsp;% &#8211; 473 ml<\/em><\/em><\/em><\/em><\/em><\/em> , Brasserie Dunham 8<\/li>\n\n\n\n<li><strong>M\u00e9kinoise<\/strong> <strong>\u2013<\/strong> <em><em><em><em><em><em><em>Blanche 4,8% &#8211; 473 ml<\/em><\/em><\/em><\/em><\/em><\/em><\/em> , Brasserie \u00c0 la F\u00fbt 11<\/li>\n\n\n\n<li><strong>Rousse Rustre<\/strong> <strong>\u2013<\/strong> <em><em><em><em><em><em><em><em>Rousse 4,8% &#8211; 473 ml<\/em><\/em><\/em><\/em><\/em><\/em><\/em><\/em> , Brasserie \u00c0 la F\u00fbt 10<\/li>\n\n\n\n<li><strong>Triomphe de la Nature<\/strong> <strong>\u2013<\/strong> <em><em><em><em><em><em><em><em><em>Smoothie IPA aux fruits 6,2% &#8211; 355 ml<\/em><\/em><\/em><\/em><\/em><\/em><\/em><\/em><\/em> , Brasserie Sir John 12<\/li>\n<\/ul>\n              <\/div>\n            <\/div>\n          <\/div>\n        <\/div>\n                    <div id=\"culinary-menu-25461\" class=\"popup-wrapper popupWindow\" data-popup-id=\"culinary-menu-25461\" role=\"dialog\" aria-modal=\"true\" aria-hidden=\"true\" aria-labelledby=\"label-culinary-menu-25461\">\n          <div class=\"popup culinary-menu-popup\">\n            <button class=\"popup__close-btn closePopupWindow\">\n              <span class=\"sr-only\">Close popup of Bubbles, wines &amp; ciders<\/span>\n              <i class=\"vtx-icon vtx-icon-close\" aria-hidden=\"true\"><\/i>\n            <\/button>\n            <div class=\"popup__inner\">\n              <div class=\"culinary-menu-popup__heading\">\n                <p class=\"culinary-menu-popup__title\" id=\"label-culinary-menu-25461\">Bubbles, wines &amp; ciders<\/p>\n              <\/div>\n                            <div class=\"culinary-menu-popup__content wysiwyg\">\n                \n<h2 class=\"wp-block-heading\">Bubbles &amp; ciders &nbsp;&nbsp;&nbsp;&nbsp;&nbsp;&nbsp;&nbsp;&nbsp;&nbsp;&nbsp;&nbsp;&nbsp;&nbsp;&nbsp;&nbsp;&nbsp;&nbsp;&nbsp;&nbsp;&nbsp;&nbsp;&nbsp;&nbsp;&nbsp;&nbsp;&nbsp;&nbsp;&nbsp;&nbsp;&nbsp;&nbsp;&nbsp;&nbsp;&nbsp;&nbsp;&nbsp;&nbsp;&nbsp;<\/h2>\n\n\n\n<p>Cidre Nordiq \u2013 Champ gauche 02 37<br>Hemmingford, Qu\u00e9bec<\/p>\n\n\n\n<p>Cidre Je Suis Bleu-Tiful \u2013 Troisi\u00e8me Cuv\u00e9e Maline 41<br>Domaine de L&#8217;Espi\u00e8gle, Dunham, Qu\u00e9bec<\/p>\n\n\n\n<p>Ces petits impr\u00e9vus 2020 56<br>Domaine du Nival, Saint-Louis, Qu\u00e9bec<\/p>\n\n\n\n<h2 class=\"wp-block-heading\">White wine<\/h2>\n\n\n\n<p>Douro, O P\u00e0ssaro Solto 2024 &#8211; <em><em>Viosinho, Rabigato, Gouveio<\/em><\/em> 12\/60<br>Quinta de Vale de Pios, Douro, Portugal<\/p>\n\n\n\n<p>Beamsville Bench, Pinot Gris 2024 &#8211; <em>Pinot Gris<\/em> 13\/65<br>Malivoire, Niagara Peninsula, Canada<\/p>\n\n\n\n<p>Marche Bianco, Le Oche 2022 &#8211; <em><em>Verdicchio<\/em><\/em> 14\/70<br>Fattoria San Lorenzo, Montecarotto, Italie&nbsp;\u00a0\u00a0\u00a0\u00a0\u00a0\u00a0\u00a0\u00a0\u00a0\u00a0\u00a0\u00a0\u00a0\u00a0\u00a0\u00a0\u00a0\u00a0\u00a0\u00a0<\/p>\n\n\n\n<h2 class=\"wp-block-heading\">Sweet wine<\/h2>\n\n\n\n<p>Cider, La grande R\u00e9serve 12<br>Domaine Le Grand Saint-Charles, Saint-Paul-d\u2019Abbotsford, Quebec&nbsp;&nbsp;&nbsp;&nbsp;&nbsp;&nbsp;&nbsp;&nbsp;&nbsp;&nbsp;&nbsp;&nbsp;&nbsp;&nbsp;&nbsp;&nbsp;&nbsp;<\/p>\n\n\n\n<h2 class=\"wp-block-heading\">Red wine<\/h2>\n\n\n\n<p>Vino de la Tierra de Castilla, Realce 2024 &#8211; <em>Tempranillo<\/em> 10\/50<br>Bodega Union Campesina Iniestense, Iniesta, Espagne<\/p>\n\n\n\n<p>Coteaux Bourguignons, La C\u00f4te de Vaux \u2013 Pinot Noir 13\/65<br>Le Domaine d\u2019\u00c9douard, Bourgogne, France<\/p>\n\n\n\n<p>Un De Ces Quatre 2023 &#8211; Gamaret 14\/70<br>Domaine du Nival, Saint-Louis, Qu\u00e9bec<\/p>\n\n\n\n<h2 class=\"wp-block-heading\">Ready-to-drink<\/h2>\n\n\n\n<p>Lieux Communs \u2013 Piquette agrume 9<\/p>\n\n\n\n<p>Lieux Communs \u2013 Zo\u00e9 en vacances 9<\/p>\n\n\n\n<p>Lieux Communs \u2013 Piquette hibiscus 9<\/p>\n\n\n\n<p>Eau-de-vin \u2013 Domaine du Nival 12<\/p>\n\n\n\n<p>Non-alcoholic Spritz or Gin &amp; tonic<em> <\/em>\u2013 Atypique 8<\/p>\n\n\n\n<p><strong>Without alcohol<\/strong><\/p>\n\n\n\n<p><strong>ATYPIQUE Mocktail<\/strong> 355 ml 8<\/p>\n\n\n\n<p>Rhum \u00c9pic\u00e9 &amp; Cola<\/p>\n\n\n\n<p>Spritz<\/p>\n\n\n\n<p>Gin Tonic<\/p>\n\n\n\n<div class=\"wp-block-vortex-blocks-notification-message notification-message-block\"><div class=\"notification-message-block__inner\"><p class=\"notification-message-block__title notification-title\"><\/p>\n<p>Wines by the bottle from the Restaurant de l\u2019ITHQ are also available.<\/p>\n<\/div><\/div>\n              <\/div>\n            <\/div>\n          <\/div>\n        <\/div>\n                    <div id=\"culinary-menu-25465\" class=\"popup-wrapper popupWindow\" data-popup-id=\"culinary-menu-25465\" role=\"dialog\" aria-modal=\"true\" aria-hidden=\"true\" aria-labelledby=\"label-culinary-menu-25465\">\n          <div class=\"popup culinary-menu-popup\">\n            <button class=\"popup__close-btn closePopupWindow\">\n              <span class=\"sr-only\">Close popup of Appetizers<\/span>\n              <i class=\"vtx-icon vtx-icon-close\" aria-hidden=\"true\"><\/i>\n            <\/button>\n            <div class=\"popup__inner\">\n              <div class=\"culinary-menu-popup__heading\">\n                <p class=\"culinary-menu-popup__title\" id=\"label-culinary-menu-25465\">Appetizers<\/p>\n              <\/div>\n                            <div class=\"culinary-menu-popup__content wysiwyg\">\n                \n<p><em>Available from 5 to 8 pm<\/em><\/p>\n\n\n\n<ul class=\"wp-block-list\">\n<li>Local cheese board (1 selections), jam, nuts 5<\/li>\n\n\n\n<li>Local cheese board (3 selections), jam, nuts 14<\/li>\n\n\n\n<li>Grilled cheese with local cheese 10<\/li>\n\n\n\n<li>Grilled cheese with local cheese, braised beef and caramelized onions 14<\/li>\n\n\n\n<li>Cheese cromesquis with Cheddar \u00cele-aux-Grues, bell pepper and tomato sauce 10<\/li>\n\n\n\n<li>Charcuterie board, wholegrain mustard, cornichons 19<\/li>\n\n\n\n<li>*Seasonal salad 19<\/li>\n\n\n\n<li>Nut bowl 10<\/li>\n\n\n\n<li>Olive bowl 10<\/li>\n<\/ul>\n\n\n\n<p><em>Served with bread from Aube Boulangerie. *1st bread service included. $2 per person for subsequent requests<\/em><\/p>\n\n\n\n<div class=\"wp-block-vortex-blocks-notification-message notification-message-block\"><div class=\"notification-message-block__inner\"><p class=\"notification-message-block__title notification-title\"><\/p>\n<p>*Available from 6 to 8 pm. However, cheese and charcuterie boards can be ordered from 3 pm onwards.<\/p>\n\n\n\n<p>Lactose-free options are also available. Ask your waiter!<\/p>\n<\/div><\/div>\n              <\/div>\n            <\/div>\n          <\/div>\n        <\/div>\n              <\/section>\n  \n\n\n<section class=\"wp-block-vortex-blocks-contact-cta-columns alignwide contact-cta-columns-block\"><div class=\"contact-cta-columns-block__columns\">\n<div class=\"wp-block-vortex-blocks-contact-cta contact-cta-block\"><div class=\"contact-cta-block__inner\"><div class=\"contact-cta__icon-wrapper\"><div><svg width=\"41\" height=\"42\" viewBox=\"0 0 41 42\" fill=\"none\" xmlns=\"http:\/\/www.w3.org\/2000\/svg\"><path d=\"M0 41.5V14c0-2.2091 1.7909-4 4-4h23.5c2.2091 0 4 1.7909 4 4v17.5c0 2.2091-1.7909 4-4 4H7l-7 6Z\" fill=\"#000\" fill-opacity=\".5\" class=\"fill-base-color\"><\/path><path d=\"M40.5 35.5V4c0-2.2091-1.7909-4-4-4H15c-2.2091 0-4 1.7909-4 4v21.5c0 2.2091 1.7909 4 4 4h18.5l7 6Z\" fill=\"#000\" class=\"fill-base-color\"><\/path><path d=\"M21 12c0-2.5 1.9163-4 4.5-4 3 0 4.5 2 4.5 4 0 4-5 3-5 6v1\" stroke=\"#fff\" stroke-opacity=\".9\" stroke-width=\"3\"><\/path><circle cx=\"25\" cy=\"22\" r=\"2\" fill=\"#fff\" fill-opacity=\".9\"><\/circle><\/svg><\/div><\/div>\n<h2 class=\"wp-block-heading\">Any questions?<\/h2>\n\n\n\n<p><a href=\"mailto:restaurant@ithq.qc.ca\">restaurant@ithq.qc.ca<\/a><br>514-282-5155<br>or toll-free at 1-855-229-8189, option 2<\/p>\n\n\n\n<div class=\"wp-block-button\"><a class=\"wp-block-button__link wp-element-button\" href=\"https:\/\/ithq.devbeet.com\/en\/restaurants-and-bar\/restaurant-de-lithq\/contact-the-restaurant-de-lithq\/\">Contact us<\/a><\/div>\n<\/div><\/div>\n\n\n\n<div class=\"wp-block-vortex-blocks-contact-cta contact-cta-block\"><div class=\"contact-cta-block__inner\"><div class=\"contact-cta__icon-wrapper\"><div><svg width=\"42\" height=\"44\" viewBox=\"0 0 42 44\" fill=\"none\" xmlns=\"http:\/\/www.w3.org\/2000\/svg\"><path d=\"M0 17.1999a4 4 0 0 1 1.6594-3.2437l17-12.2672c1.3975-1.0084 3.2837-1.0084 4.6812 0l17 12.2672A3.9998 3.9998 0 0 1 42 17.1999V40c0 2.2091-1.7909 4-4 4H4c-2.2091 0-4-1.7909-4-4V17.1999Z\" fill=\"#fff\" class=\"fill-background-color\"><\/path><path d=\"M0 17.1999a4 4 0 0 1 1.6594-3.2437l17-12.2672c1.3975-1.0084 3.2837-1.0084 4.6812 0l17 12.2672A3.9998 3.9998 0 0 1 42 17.1999V40c0 2.2091-1.7909 4-4 4H4c-2.2091 0-4-1.7909-4-4V17.1999Z\" fill=\"#000\" class=\"fill-base-color\" fill-opacity=\".4\"><\/path><path fill=\"#000\" class=\"fill-base-color\" d=\"M6 5h30v33H6z\"><\/path><path d=\"m0 20 21 11.1818L42 20v20c0 2.2091-1.7909 4-4 4H4c-2.2091 0-4-1.7909-4-4V20Z\" fill=\"#fff\" class=\"fill-background-color\"><\/path><path d=\"m0 20 21 11.1818L42 20v20c0 2.2091-1.7909 4-4 4H4c-2.2091 0-4-1.7909-4-4V20Z\" fill=\"#000\" class=\"fill-base-color\" fill-opacity=\".6\"><\/path><path d=\"M23 14h-4v4h-4v4h12v-4h-4v-4Z\" fill=\"#fff\"><\/path><\/svg><\/div><\/div>\n<h2 class=\"wp-block-heading\">Receive our promotions by email<\/h2>\n\n\n\n<div class=\"wp-block-button\"><a class=\"wp-block-button__link wp-element-button\" href=\"https:\/\/ithq.devbeet.com\/en\/subscribe-to-the-newsletter\/\">Subscribe to our newsletter<\/a><\/div>\n<\/div><\/div>\n<\/div><\/section>\n","protected":false},"excerpt":{"rendered":"","protected":false},"author":1,"featured_media":0,"parent":25410,"menu_order":0,"comment_status":"closed","ping_status":"closed","template":"","meta":{"_acf_changed":false,"_price":"","_stock":"","_tribe_ticket_header":"","_tribe_default_ticket_provider":"","_ticket_start_date":"","_ticket_end_date":"","_tribe_ticket_show_description":"","_tribe_ticket_show_not_going":false,"_tribe_ticket_use_global_stock":"","_tribe_ticket_global_stock_level":"","_global_stock_mode":"","_global_stock_cap":"","_tribe_rsvp_for_event":"","_tribe_ticket_going_count":"","_tribe_ticket_not_going_count":"","_tribe_tickets_list":"[]","_tribe_ticket_has_attendee_info_fields":false,"wpo365_audiences":[],"wpo365_private":false,"footnotes":"","_tec_slr_enabled":"","_tec_slr_layout":""},"class_list":["post-25416","page","type-page","status-publish","hentry"],"acf":[],"ticketed":false,"_links":{"self":[{"href":"https:\/\/ithq.devbeet.com\/en\/wp-json\/wp\/v2\/pages\/25416","targetHints":{"allow":["GET"]}}],"collection":[{"href":"https:\/\/ithq.devbeet.com\/en\/wp-json\/wp\/v2\/pages"}],"about":[{"href":"https:\/\/ithq.devbeet.com\/en\/wp-json\/wp\/v2\/types\/page"}],"author":[{"embeddable":true,"href":"https:\/\/ithq.devbeet.com\/en\/wp-json\/wp\/v2\/users\/1"}],"replies":[{"embeddable":true,"href":"https:\/\/ithq.devbeet.com\/en\/wp-json\/wp\/v2\/comments?post=25416"}],"version-history":[{"count":1,"href":"https:\/\/ithq.devbeet.com\/en\/wp-json\/wp\/v2\/pages\/25416\/revisions"}],"predecessor-version":[{"id":62181,"href":"https:\/\/ithq.devbeet.com\/en\/wp-json\/wp\/v2\/pages\/25416\/revisions\/62181"}],"up":[{"embeddable":true,"href":"https:\/\/ithq.devbeet.com\/en\/wp-json\/wp\/v2\/pages\/25410"}],"wp:attachment":[{"href":"https:\/\/ithq.devbeet.com\/en\/wp-json\/wp\/v2\/media?parent=25416"}],"curies":[{"name":"wp","href":"https:\/\/api.w.org\/{rel}","templated":true}]}}