{"id":25589,"date":"2023-04-28T16:44:33","date_gmt":"2023-04-28T20:44:33","guid":{"rendered":"https:\/\/ithq.devbeet.com\/?page_id=25589"},"modified":"2024-12-10T11:41:44","modified_gmt":"2024-12-10T16:41:44","slug":"publishing","status":"publish","type":"page","link":"https:\/\/ithq.devbeet.com\/en\/about-the-ithq\/publishing\/","title":{"rendered":"Publishing"},"content":{"rendered":"\n<h2 class=\"wp-block-heading\">Textbooks<\/h2>\n\n\n<section  class=\"block-accordions-group theme-block aligndefault\" >     \n  \n    \n<section class=\"accordion\">\n  <div class=\"accordion__table\">\n    <div class=\"accordion__accordion\">\n          \n      <button class=\"accordion__header-row accordion-toggle\" id=\"accordion69e0956385500id\" aria-controls=\"sect69e0956385500\" aria-expanded=\"false\"\n        aria-label=\"Open or close accordion &quot;Manuel de sommellerie professionnelle&quot;.\">\n                  <span class=\"accordion__header__title\">Manuel de sommellerie professionnelle<\/span>\n                <span class=\"accordion__header__icon accordion__header__icon--plus\" role=\"presentation\">\n          <i class=\"plus\"><\/i>\n        <\/span>\n        <span class=\"accordion__header__icon accordion__header__icon--arrow\" role=\"presentation\">\n          <i class=\"vtx-icon vtx-icon-down_arrow\"><\/i>\n        <\/span>\n      <\/button>\n    \n        \n      <div class=\"accordion__sub-rows wysiwyg\" id=\"sect69e0956385500\" role=\"region\" aria-labelledby=\"accordion69e0956385500id\">\n        \n\n<p>Pascal Patron, Kathleen McNeil and Jean-Luc Jault, 2015&nbsp;<\/p>\n\n\n\n<p><br>Best Drinks Education Book<br>Gourmand World Cookbook Awards 2015<\/p>\n\n\n\n<p>Special mention, encyclopedia category<br>Prize of the Organisation internationale de la vigne et du vin 2016<\/p>\n\n\n\n<div class=\"wp-block-buttons is-layout-flex wp-block-buttons-is-layout-flex\">\n<div class=\"wp-block-button\"><a class=\"wp-block-button__link wp-element-button\" href=\"https:\/\/ithq.uxpertise.ca\/catalog\/topCategory\/publications\/187\" target=\"_blank\" rel=\"noopener\">Order online<\/a><\/div>\n<\/div>\n\n      <\/div>\n\n    <\/div>\n  <\/div>\n<\/section>\n\n\n    \n<section class=\"accordion\">\n  <div class=\"accordion__table\">\n    <div class=\"accordion__accordion\">\n          \n      <button class=\"accordion__header-row accordion-toggle\" id=\"accordion69e0956385fc8id\" aria-controls=\"sect69e0956385fc8\" aria-expanded=\"false\"\n        aria-label=\"Open or close accordion &quot;Lois et r\u00e8glements applicables au secteur du voyage&quot;.\">\n                  <span class=\"accordion__header__title\">Lois et r\u00e8glements applicables au secteur du voyage<\/span>\n                <span class=\"accordion__header__icon accordion__header__icon--plus\" role=\"presentation\">\n          <i class=\"plus\"><\/i>\n        <\/span>\n        <span class=\"accordion__header__icon accordion__header__icon--arrow\" role=\"presentation\">\n          <i class=\"vtx-icon vtx-icon-down_arrow\"><\/i>\n        <\/span>\n      <\/button>\n    \n        \n      <div class=\"accordion__sub-rows wysiwyg\" id=\"sect69e0956385fc8\" role=\"region\" aria-labelledby=\"accordion69e0956385fc8id\">\n        \n\n<div class=\"wp-block-media-text alignwide is-stacked-on-mobile\" style=\"grid-template-columns:30% auto\"><figure class=\"wp-block-media-text__media\"><img loading=\"lazy\" decoding=\"async\" width=\"463\" height=\"600\" src=\"https:\/\/assets.boitebeet.com\/ithq\/dev\/public\/uploads\/2024\/10\/loi-image-en.jpg\" alt=\"\" class=\"wp-image-51271 size-full\" srcset=\"https:\/\/assets.boitebeet.com\/ithq\/dev\/public\/uploads\/2024\/10\/loi-image-en.jpg 463w, https:\/\/assets.boitebeet.com\/ithq\/dev\/public\/uploads\/2024\/10\/loi-image-en-232x300.jpg 232w\" sizes=\"auto, (max-width: 463px) 100vw, 463px\" \/><\/figure><div class=\"wp-block-media-text__content\">\n<p>ITHQ, 2023<\/p>\n\n\n\n<div class=\"wp-block-buttons is-layout-flex wp-block-buttons-is-layout-flex\">\n<div class=\"wp-block-button\"><a class=\"wp-block-button__link wp-element-button\" href=\"https:\/\/assets.boitebeet.com\/ithq\/dev\/public\/uploads\/2024\/12\/Laws-regulations-applicable_travel-industry_4th-edition.pdf\" target=\"_blank\" rel=\"noreferrer noopener\">Consult free of charge<\/a><\/div>\n<\/div>\n<\/div><\/div>\n\n      <\/div>\n\n    <\/div>\n  <\/div>\n<\/section>\n\n\n    \n<section class=\"accordion\">\n  <div class=\"accordion__table\">\n    <div class=\"accordion__accordion\">\n          \n      <button class=\"accordion__header-row accordion-toggle\" id=\"accordion69e0956386735id\" aria-controls=\"sect69e0956386735\" aria-expanded=\"false\"\n        aria-label=\"Open or close accordion &quot;Vers une alimentation saine et savoureuse&quot;.\">\n                  <span class=\"accordion__header__title\">Vers une alimentation saine et savoureuse<\/span>\n                <span class=\"accordion__header__icon accordion__header__icon--plus\" role=\"presentation\">\n          <i class=\"plus\"><\/i>\n        <\/span>\n        <span class=\"accordion__header__icon accordion__header__icon--arrow\" role=\"presentation\">\n          <i class=\"vtx-icon vtx-icon-down_arrow\"><\/i>\n        <\/span>\n      <\/button>\n    \n        \n      <div class=\"accordion__sub-rows wysiwyg\" id=\"sect69e0956386735\" role=\"region\" aria-labelledby=\"accordion69e0956386735id\">\n        \n\n<p>ITHQ, 2014<\/p>\n\n\n\n<div class=\"wp-block-buttons is-layout-flex wp-block-buttons-is-layout-flex\">\n<div class=\"wp-block-button\"><a class=\"wp-block-button__link wp-element-button\" href=\"https:\/\/ithq.uxpertise.ca\/catalogItemDetails\/en-manuel-vers-une-alimentation-saine-et-savoureuse-imprime\/16\/-1\/-1\" target=\"_blank\" rel=\"noopener\">Order online<\/a><\/div>\n<\/div>\n\n      <\/div>\n\n    <\/div>\n  <\/div>\n<\/section>\n\n\n    \n<section class=\"accordion\">\n  <div class=\"accordion__table\">\n    <div class=\"accordion__accordion\">\n          \n      <button class=\"accordion__header-row accordion-toggle\" id=\"accordion69e0956386de6id\" aria-controls=\"sect69e0956386de6\" aria-expanded=\"false\"\n        aria-label=\"Open or close accordion &quot;Hygi\u00e8ne et salubrit\u00e9 alimentaires&quot;.\">\n                  <span class=\"accordion__header__title\">Hygi\u00e8ne et salubrit\u00e9 alimentaires<\/span>\n                <span class=\"accordion__header__icon accordion__header__icon--plus\" role=\"presentation\">\n          <i class=\"plus\"><\/i>\n        <\/span>\n        <span class=\"accordion__header__icon accordion__header__icon--arrow\" role=\"presentation\">\n          <i class=\"vtx-icon vtx-icon-down_arrow\"><\/i>\n        <\/span>\n      <\/button>\n    \n        \n      <div class=\"accordion__sub-rows wysiwyg\" id=\"sect69e0956386de6\" role=\"region\" aria-labelledby=\"accordion69e0956386de6id\">\n        \n\n<p>ITHQ, 2009<\/p>\n\n\n\n<div class=\"wp-block-buttons is-layout-flex wp-block-buttons-is-layout-flex\">\n<div class=\"wp-block-button\"><a class=\"wp-block-button__link wp-element-button\" href=\"https:\/\/ithq.uxpertise.ca\/catalogItemDetails\/en-manuel-hygiene-et-salubrite-alimentaires-4e-edition-impri\/24\/-1\/-1\" target=\"_blank\" rel=\"noopener\">Order online<\/a><\/div>\n<\/div>\n\n      <\/div>\n\n    <\/div>\n  <\/div>\n<\/section>\n\n\n    \n<section class=\"accordion\">\n  <div class=\"accordion__table\">\n    <div class=\"accordion__accordion\">\n          \n      <button class=\"accordion__header-row accordion-toggle\" id=\"accordion69e095638746did\" aria-controls=\"sect69e095638746d\" aria-expanded=\"false\"\n        aria-label=\"Open or close accordion &quot;Applications des sciences en cuisine&quot;.\">\n                  <span class=\"accordion__header__title\">Applications des sciences en cuisine<\/span>\n                <span class=\"accordion__header__icon accordion__header__icon--plus\" role=\"presentation\">\n          <i class=\"plus\"><\/i>\n        <\/span>\n        <span class=\"accordion__header__icon accordion__header__icon--arrow\" role=\"presentation\">\n          <i class=\"vtx-icon vtx-icon-down_arrow\"><\/i>\n        <\/span>\n      <\/button>\n    \n        \n      <div class=\"accordion__sub-rows wysiwyg\" id=\"sect69e095638746d\" role=\"region\" aria-labelledby=\"accordion69e095638746did\">\n        \n\n<p>By Louise Bouvier and V\u00e9ronique Perreault, \u00c9ditions Cheneli\u00e8re \u00c9ducation, 2009<\/p>\n\n\n\n<div class=\"wp-block-buttons is-layout-flex wp-block-buttons-is-layout-flex\">\n<div class=\"wp-block-button\"><a class=\"wp-block-button__link wp-element-button\" href=\"https:\/\/www.cheneliere.ca\/fr\/applications-des-sciences-en-cuisine-9782765022244.html\" target=\"_blank\" rel=\"noreferrer noopener\">Order online<\/a><\/div>\n<\/div>\n\n      <\/div>\n\n    <\/div>\n  <\/div>\n<\/section>\n\n\n    \n<section class=\"accordion\">\n  <div class=\"accordion__table\">\n    <div class=\"accordion__accordion\">\n          \n      <button class=\"accordion__header-row accordion-toggle\" id=\"accordion69e0956387c5fid\" aria-controls=\"sect69e0956387c5f\" aria-expanded=\"false\"\n        aria-label=\"Open or close accordion &quot;Cuisine de base \u2013 recettes&quot;.\">\n                  <span class=\"accordion__header__title\">Cuisine de base \u2013 recettes<\/span>\n                <span class=\"accordion__header__icon accordion__header__icon--plus\" role=\"presentation\">\n          <i class=\"plus\"><\/i>\n        <\/span>\n        <span class=\"accordion__header__icon accordion__header__icon--arrow\" role=\"presentation\">\n          <i class=\"vtx-icon vtx-icon-down_arrow\"><\/i>\n        <\/span>\n      <\/button>\n    \n        \n      <div class=\"accordion__sub-rows wysiwyg\" id=\"sect69e0956387c5f\" role=\"region\" aria-labelledby=\"accordion69e0956387c5fid\">\n        \n\n<p>by Yannick Berruel and Jean-Pierre Vailles, \u00c9ditions Cheneli\u00e8re \u00c9ducation, 2008<\/p>\n\n\n\n<p><\/p>\n\n\n\n<div class=\"wp-block-buttons is-layout-flex wp-block-buttons-is-layout-flex\">\n<div class=\"wp-block-button\"><a class=\"wp-block-button__link wp-element-button\" href=\"https:\/\/www.cheneliere.ca\/2182-livre-cuisine-de-base-recettes.html\" target=\"_blank\" rel=\"noreferrer noopener\">Order online<\/a><\/div>\n<\/div>\n\n      <\/div>\n\n    <\/div>\n  <\/div>\n<\/section>\n\n\n    \n<section class=\"accordion\">\n  <div class=\"accordion__table\">\n    <div class=\"accordion__accordion\">\n          \n      <button class=\"accordion__header-row accordion-toggle\" id=\"accordion69e0956388311id\" aria-controls=\"sect69e0956388311\" aria-expanded=\"false\"\n        aria-label=\"Open or close accordion &quot;Cuisine de base \u2013 techniques appliqu\u00e9es&quot;.\">\n                  <span class=\"accordion__header__title\">Cuisine de base \u2013 techniques appliqu\u00e9es<\/span>\n                <span class=\"accordion__header__icon accordion__header__icon--plus\" role=\"presentation\">\n          <i class=\"plus\"><\/i>\n        <\/span>\n        <span class=\"accordion__header__icon accordion__header__icon--arrow\" role=\"presentation\">\n          <i class=\"vtx-icon vtx-icon-down_arrow\"><\/i>\n        <\/span>\n      <\/button>\n    \n        \n      <div class=\"accordion__sub-rows wysiwyg\" id=\"sect69e0956388311\" role=\"region\" aria-labelledby=\"accordion69e0956388311id\">\n        \n\n<p>By Yannick Berruel and Jean-Pierre Vailles, \u00c9ditions Cheneli\u00e8re \u00c9ducation, 2007<\/p>\n\n\n\n<div class=\"wp-block-buttons is-layout-flex wp-block-buttons-is-layout-flex\">\n<div class=\"wp-block-button\"><a class=\"wp-block-button__link wp-element-button\" href=\"https:\/\/www.cheneliere.ca\/2079-livre-cuisine-de-base-techniques-appliquees.html\" target=\"_blank\" rel=\"noreferrer noopener\">Order online<\/a><\/div>\n<\/div>\n\n      <\/div>\n\n    <\/div>\n  <\/div>\n<\/section>\n\n\n    \n<section class=\"accordion\">\n  <div class=\"accordion__table\">\n    <div class=\"accordion__accordion\">\n          \n      <button class=\"accordion__header-row accordion-toggle\" id=\"accordion69e09563888eeid\" aria-controls=\"sect69e09563888ee\" aria-expanded=\"false\"\n        aria-label=\"Open or close accordion &quot;Les techniques de service en restauration&quot;.\">\n                  <span class=\"accordion__header__title\">Les techniques de service en restauration<\/span>\n                <span class=\"accordion__header__icon accordion__header__icon--plus\" role=\"presentation\">\n          <i class=\"plus\"><\/i>\n        <\/span>\n        <span class=\"accordion__header__icon accordion__header__icon--arrow\" role=\"presentation\">\n          <i class=\"vtx-icon vtx-icon-down_arrow\"><\/i>\n        <\/span>\n      <\/button>\n    \n        \n      <div class=\"accordion__sub-rows wysiwyg\" id=\"sect69e09563888ee\" role=\"region\" aria-labelledby=\"accordion69e09563888eeid\">\n        \n\n<p>by Jean-Marc Barraud, \u00c9ditions Cheneli\u00e8re \u00c9ducation, 2008<\/p>\n\n\n\n<div class=\"wp-block-buttons is-layout-flex wp-block-buttons-is-layout-flex\">\n<div class=\"wp-block-button\"><a class=\"wp-block-button__link wp-element-button\" href=\"https:\/\/www.cheneliere.ca\/4077-livre-les-techniques-de-service-en-restaurantion-2e-edition.html\" target=\"_blank\" rel=\"noreferrer noopener\">Order online<\/a><\/div>\n<\/div>\n\n      <\/div>\n\n    <\/div>\n  <\/div>\n<\/section>\n\n \n<\/section>\n\n\n\n<h2 class=\"wp-block-heading\">Recipe books<\/h2>\n\n\n<section  class=\"block-accordions-group theme-block aligndefault\" >     \n  \n    \n<section class=\"accordion\">\n  <div class=\"accordion__table\">\n    <div class=\"accordion__accordion\">\n          \n      <button class=\"accordion__header-row accordion-toggle\" id=\"accordion69e095638929cid\" aria-controls=\"sect69e095638929c\" aria-expanded=\"false\"\n        aria-label=\"Open or close accordion &quot;<p>Eating well, alway &#8211; Recipes to promote the pleasure of eating at the end of life <\/p>\n&quot;.&#8221;>\n                  <span class=\"accordion__header__title\"><p>Eating well, alway &#8211; Recipes to promote the pleasure of eating at the end of life <\/p>\n<\/span>\n                <span class=\"accordion__header__icon accordion__header__icon--plus\" role=\"presentation\">\n          <i class=\"plus\"><\/i>\n        <\/span>\n        <span class=\"accordion__header__icon accordion__header__icon--arrow\" role=\"presentation\">\n          <i class=\"vtx-icon vtx-icon-down_arrow\"><\/i>\n        <\/span>\n      <\/button>\n    \n        \n      <div class=\"accordion__sub-rows wysiwyg\" id=\"sect69e095638929c\" role=\"region\" aria-labelledby=\"accordion69e095638929cid\">\n        \n\n<p>By &nbsp;<br>Institut de tourisme et d\u2019h\u00f4tellerie du Qu\u00e9bec (ITHQ) &nbsp;<br>Palliative Care McGill, Department of Family Medicine, McGill University &nbsp;<br>McGill international palliative care Congress &nbsp;<br>La Maison, Palliative Care Centre&nbsp;<br>2024, 3rd edition&nbsp;<br><br><a href=\"https:\/\/www.mcgill.ca\/palliativecare\/about-us\/resources?utm_medium=email&amp;utm_campaign=New-Recipe-Book-Announcement&amp;utm_source=Envoke-203902%7C326549&amp;utm_term=Eating-Well%2C-Always-3rd-Edition\" target=\"_blank\" rel=\"noreferrer noopener\">Consult free of charge<\/a><\/p>\n\n      <\/div>\n\n    <\/div>\n  <\/div>\n<\/section>\n\n\n    \n<section class=\"accordion\">\n  <div class=\"accordion__table\">\n    <div class=\"accordion__accordion\">\n          \n      <button class=\"accordion__header-row accordion-toggle\" id=\"accordion69e095638987fid\" aria-controls=\"sect69e095638987f\" aria-expanded=\"false\"\n        aria-label=\"Open or close accordion &quot;Cuisine de la mer&quot;.\">\n                  <span class=\"accordion__header__title\">Cuisine de la mer<\/span>\n                <span class=\"accordion__header__icon accordion__header__icon--plus\" role=\"presentation\">\n          <i class=\"plus\"><\/i>\n        <\/span>\n        <span class=\"accordion__header__icon accordion__header__icon--arrow\" role=\"presentation\">\n          <i class=\"vtx-icon vtx-icon-down_arrow\"><\/i>\n        <\/span>\n      <\/button>\n    \n        \n      <div class=\"accordion__sub-rows wysiwyg\" id=\"sect69e095638987f\" role=\"region\" aria-labelledby=\"accordion69e095638987fid\">\n        \n\n<p>By Jean-Paul Grappe and al., \u00c9ditions de l\u2019Homme, 2012<\/p>\n\n\n\n<p>160 ways to celebrate the exquisite flavours of freshwater and saltwater fish and shellfish.<\/p>\n\n\n\n<p><strong>Available in bookstores<\/strong><\/p>\n\n      <\/div>\n\n    <\/div>\n  <\/div>\n<\/section>\n\n\n    \n<section class=\"accordion\">\n  <div class=\"accordion__table\">\n    <div class=\"accordion__accordion\">\n          \n      <button class=\"accordion__header-row accordion-toggle\" id=\"accordion69e0956389eadid\" aria-controls=\"sect69e0956389ead\" aria-expanded=\"false\"\n        aria-label=\"Open or close accordion &quot;Le grand livre de la cuisine v\u00e9g\u00e9tarienne&quot;.\">\n                  <span class=\"accordion__header__title\">Le grand livre de la cuisine v\u00e9g\u00e9tarienne<\/span>\n                <span class=\"accordion__header__icon accordion__header__icon--plus\" role=\"presentation\">\n          <i class=\"plus\"><\/i>\n        <\/span>\n        <span class=\"accordion__header__icon accordion__header__icon--arrow\" role=\"presentation\">\n          <i class=\"vtx-icon vtx-icon-down_arrow\"><\/i>\n        <\/span>\n      <\/button>\n    \n        \n      <div class=\"accordion__sub-rows wysiwyg\" id=\"sect69e0956389ead\" role=\"region\" aria-labelledby=\"accordion69e0956389eadid\">\n        \n\n<p>By Igor Brotto and Olivier Guiriec, \u00c9ditions de l\u2019Homme, 2010<\/p>\n\n\n\n<p><strong>Available in bookstores<\/strong><\/p>\n\n      <\/div>\n\n    <\/div>\n  <\/div>\n<\/section>\n\n\n    \n<section class=\"accordion\">\n  <div class=\"accordion__table\">\n    <div class=\"accordion__accordion\">\n          \n      <button class=\"accordion__header-row accordion-toggle\" id=\"accordion69e095638a37bid\" aria-controls=\"sect69e095638a37b\" aria-expanded=\"false\"\n        aria-label=\"Open or close accordion &quot;Gibier \u00e0 poil et \u00e0 plume&quot;.\">\n                  <span class=\"accordion__header__title\">Gibier \u00e0 poil et \u00e0 plume<\/span>\n                <span class=\"accordion__header__icon accordion__header__icon--plus\" role=\"presentation\">\n          <i class=\"plus\"><\/i>\n        <\/span>\n        <span class=\"accordion__header__icon accordion__header__icon--arrow\" role=\"presentation\">\n          <i class=\"vtx-icon vtx-icon-down_arrow\"><\/i>\n        <\/span>\n      <\/button>\n    \n        \n      <div class=\"accordion__sub-rows wysiwyg\" id=\"sect69e095638a37b\" role=\"region\" aria-labelledby=\"accordion69e095638a37bid\">\n        \n\n<p>By Jean-Paul Grappe, \u00c9ditions de l\u2019Homme, 2008<\/p>\n\n\n\n<p><strong>Available in bookstores<\/strong><\/p>\n\n      <\/div>\n\n    <\/div>\n  <\/div>\n<\/section>\n\n\n    \n<section class=\"accordion\">\n  <div class=\"accordion__table\">\n    <div class=\"accordion__accordion\">\n          \n      <button class=\"accordion__header-row accordion-toggle\" id=\"accordion69e095638a84bid\" aria-controls=\"sect69e095638a84b\" aria-expanded=\"false\"\n        aria-label=\"Open or close accordion &quot;Cuisine traditionnelle du Qu\u00e9bec&quot;.\">\n                  <span class=\"accordion__header__title\">Cuisine traditionnelle du Qu\u00e9bec<\/span>\n                <span class=\"accordion__header__icon accordion__header__icon--plus\" role=\"presentation\">\n          <i class=\"plus\"><\/i>\n        <\/span>\n        <span class=\"accordion__header__icon accordion__header__icon--arrow\" role=\"presentation\">\n          <i class=\"vtx-icon vtx-icon-down_arrow\"><\/i>\n        <\/span>\n      <\/button>\n    \n        \n      <div class=\"accordion__sub-rows wysiwyg\" id=\"sect69e095638a84b\" role=\"region\" aria-labelledby=\"accordion69e095638a84bid\">\n        \n\n<p>By Jean-Paul Grappe and al., \u00c9ditions de l\u2019Homme, 2006<\/p>\n\n\n\n<p><strong>Available in bookstores<\/strong><\/p>\n\n      <\/div>\n\n    <\/div>\n  <\/div>\n<\/section>\n\n \n<\/section>\n\n\n\n<div class=\"wp-block-vortex-blocks-notification-message notification-message-block\"><div class=\"notification-message-block__inner\"><p class=\"notification-message-block__title notification-title\"><strong>Copyrights<\/strong><\/p>\n<p>Do you wish to reproduce all or part of a document that belongs to the ITHQ? Contact us at <a href=\"mailto:droitdauteur@ithq.qc.ca\">droitdauteur@ithq.qc.ca<\/a> to request a license or the copyright.<\/p>\n<\/div><\/div>\n\n\n\n<section class=\"wp-block-vortex-blocks-contact-cta-columns alignwide contact-cta-columns-block\"><div class=\"contact-cta-columns-block__columns\">\n<div class=\"wp-block-vortex-blocks-contact-cta contact-cta-block\"><div class=\"contact-cta-block__inner\"><div class=\"contact-cta__icon-wrapper\"><div><svg width=\"41\" height=\"42\" viewBox=\"0 0 41 42\" fill=\"none\" xmlns=\"http:\/\/www.w3.org\/2000\/svg\"><path d=\"M0 41.5V14c0-2.2091 1.7909-4 4-4h23.5c2.2091 0 4 1.7909 4 4v17.5c0 2.2091-1.7909 4-4 4H7l-7 6Z\" fill=\"#000\" fill-opacity=\".5\" class=\"fill-base-color\"><\/path><path d=\"M40.5 35.5V4c0-2.2091-1.7909-4-4-4H15c-2.2091 0-4 1.7909-4 4v21.5c0 2.2091 1.7909 4 4 4h18.5l7 6Z\" fill=\"#000\" class=\"fill-base-color\"><\/path><path d=\"M21 12c0-2.5 1.9163-4 4.5-4 3 0 4.5 2 4.5 4 0 4-5 3-5 6v1\" stroke=\"#fff\" stroke-opacity=\".9\" stroke-width=\"3\"><\/path><circle cx=\"25\" cy=\"22\" r=\"2\" fill=\"#fff\" fill-opacity=\".9\"><\/circle><\/svg><\/div><\/div>\n<h3 class=\"wp-block-heading\">Any questions?<\/h3>\n\n\n\n<p>info@ithq.qc.ca<br>514-282-5111<br>or toll-free at 1-800-361-5111<\/p>\n\n\n\n<div class=\"wp-block-button\"><a class=\"wp-block-button__link wp-element-button\" href=\"https:\/\/ithq.devbeet.com\/en\/contact-the-ithq\/\">Contact us<\/a><\/div>\n<\/div><\/div>\n\n\n\n<div class=\"wp-block-vortex-blocks-contact-cta contact-cta-block\"><div class=\"contact-cta-block__inner\"><div class=\"contact-cta__icon-wrapper\"><div><svg width=\"42\" height=\"44\" viewBox=\"0 0 42 44\" fill=\"none\" xmlns=\"http:\/\/www.w3.org\/2000\/svg\"><path d=\"M0 17.1999a4 4 0 0 1 1.6594-3.2437l17-12.2672c1.3975-1.0084 3.2837-1.0084 4.6812 0l17 12.2672A3.9998 3.9998 0 0 1 42 17.1999V40c0 2.2091-1.7909 4-4 4H4c-2.2091 0-4-1.7909-4-4V17.1999Z\" fill=\"#fff\" class=\"fill-background-color\"><\/path><path d=\"M0 17.1999a4 4 0 0 1 1.6594-3.2437l17-12.2672c1.3975-1.0084 3.2837-1.0084 4.6812 0l17 12.2672A3.9998 3.9998 0 0 1 42 17.1999V40c0 2.2091-1.7909 4-4 4H4c-2.2091 0-4-1.7909-4-4V17.1999Z\" fill=\"#000\" class=\"fill-base-color\" fill-opacity=\".4\"><\/path><path fill=\"#000\" class=\"fill-base-color\" d=\"M6 5h30v33H6z\"><\/path><path d=\"m0 20 21 11.1818L42 20v20c0 2.2091-1.7909 4-4 4H4c-2.2091 0-4-1.7909-4-4V20Z\" fill=\"#fff\" class=\"fill-background-color\"><\/path><path d=\"m0 20 21 11.1818L42 20v20c0 2.2091-1.7909 4-4 4H4c-2.2091 0-4-1.7909-4-4V20Z\" fill=\"#000\" class=\"fill-base-color\" fill-opacity=\".6\"><\/path><path d=\"M23 14h-4v4h-4v4h12v-4h-4v-4Z\" fill=\"#fff\"><\/path><\/svg><\/div><\/div>\n<h3 class=\"wp-block-heading\">Receive our news by email<\/h3>\n\n\n\n<div class=\"wp-block-button\"><a class=\"wp-block-button__link wp-element-button\" href=\"https:\/\/ithq.devbeet.com\/en\/subscribe-to-the-newsletter\/\">Subscribe to our newsletter<\/a><\/div>\n<\/div><\/div>\n<\/div><\/section>\n","protected":false},"excerpt":{"rendered":"<p>Textbooks Recipe books<\/p>\n","protected":false},"author":1,"featured_media":0,"parent":25354,"menu_order":0,"comment_status":"closed","ping_status":"closed","template":"","meta":{"_acf_changed":false,"_price":"","_stock":"","_tribe_ticket_header":"","_tribe_default_ticket_provider":"","_ticket_start_date":"","_ticket_end_date":"","_tribe_ticket_show_description":"","_tribe_ticket_show_not_going":false,"_tribe_ticket_use_global_stock":"","_tribe_ticket_global_stock_level":"","_global_stock_mode":"","_global_stock_cap":"","_tribe_rsvp_for_event":"","_tribe_ticket_going_count":"","_tribe_ticket_not_going_count":"","_tribe_tickets_list":"[]","_tribe_ticket_has_attendee_info_fields":false,"wpo365_audiences":[],"wpo365_private":false,"footnotes":"","_tec_slr_enabled":"","_tec_slr_layout":""},"class_list":["post-25589","page","type-page","status-publish","hentry"],"acf":[],"ticketed":false,"_links":{"self":[{"href":"https:\/\/ithq.devbeet.com\/en\/wp-json\/wp\/v2\/pages\/25589","targetHints":{"allow":["GET"]}}],"collection":[{"href":"https:\/\/ithq.devbeet.com\/en\/wp-json\/wp\/v2\/pages"}],"about":[{"href":"https:\/\/ithq.devbeet.com\/en\/wp-json\/wp\/v2\/types\/page"}],"author":[{"embeddable":true,"href":"https:\/\/ithq.devbeet.com\/en\/wp-json\/wp\/v2\/users\/1"}],"replies":[{"embeddable":true,"href":"https:\/\/ithq.devbeet.com\/en\/wp-json\/wp\/v2\/comments?post=25589"}],"version-history":[{"count":0,"href":"https:\/\/ithq.devbeet.com\/en\/wp-json\/wp\/v2\/pages\/25589\/revisions"}],"up":[{"embeddable":true,"href":"https:\/\/ithq.devbeet.com\/en\/wp-json\/wp\/v2\/pages\/25354"}],"wp:attachment":[{"href":"https:\/\/ithq.devbeet.com\/en\/wp-json\/wp\/v2\/media?parent=25589"}],"curies":[{"name":"wp","href":"https:\/\/api.w.org\/{rel}","templated":true}]}}