{"id":49939,"date":"2024-10-30T08:24:56","date_gmt":"2024-10-30T12:24:56","guid":{"rendered":"https:\/\/ithq.devbeet.com\/?page_id=49939"},"modified":"2024-11-12T17:53:51","modified_gmt":"2024-11-12T22:53:51","slug":"andreane-morin-simard","status":"publish","type":"page","link":"https:\/\/ithq.devbeet.com\/en\/research\/experisens\/andreane-morin-simard\/","title":{"rendered":"Andr\u00e9ane Morin-Simard\u00a0"},"content":{"rendered":"  <section class=\"anchors-banner-block theme-block alignfull\">\n    <div class=\"anchors-banner__links container\">\n              <div class=\"anchors-banner__btns\">\n          <div class=\"anchors-banner__btns__wrapper anchors-banner__btns-carousel swiper\">\n            <div class=\"swiper-wrapper\">\n                                <div class=\"swiper-slide\">\n                    <a href=\"#unite\" class=\"link\"><span>Research unit<\/span><\/a>                  <\/div>\n                  \n                                    <div class=\"swiper-slide\">\n                    <a href=\"#interet\" class=\"link\"><span>Research interests<\/span><\/a>                  <\/div>\n                  \n                                    <div class=\"swiper-slide\">\n                    <a href=\"#biographie\" class=\"link\"><span>Bio<\/span><\/a>                  <\/div>\n                  \n                                    <div class=\"swiper-slide\">\n                    <a href=\"#projets-de-recherche-en-cours\" class=\"link\"><span>Current research projects<\/span><\/a>                  <\/div>\n                  \n                                    <div class=\"swiper-slide\">\n                    <a href=\"#communications\" class=\"link\"><span>Papers<\/span><\/a>                  <\/div>\n                  \n                                    <div class=\"swiper-slide\">\n                    <a href=\"#coordonnees\" class=\"link\"><span>Contact information<\/span><\/a>                  <\/div>\n                  \n                              <\/div>\n          <\/div>\n        <\/div>\n          <\/div>\n  <\/section>\n  \n\n\n<div class=\"wp-block-media-text alignwide has-media-on-the-right is-stacked-on-mobile\" style=\"grid-template-columns:auto 30%\"><div class=\"wp-block-media-text__content\">\n<h3 class=\"wp-block-heading\" id=\"unite\">Research unit<\/h3>\n\n\n\n<ul class=\"wp-block-list\">\n<li><mark style=\"background-color:rgba(0, 0, 0, 0)\" class=\"has-inline-color has-ctheme-02-color\"><a href=\"https:\/\/ithq.devbeet.com\/en\/research\/experisens\/\" data-type=\"URL\" data-id=\"https:\/\/ithq.devbeet.com\/en\/research\/experisens\/\">ExperiSens<\/a><\/mark><\/li>\n<\/ul>\n\n\n\n<h3 class=\"wp-block-heading\" id=\"interet\">Research interests<\/h3>\n\n\n\n<ul class=\"wp-block-list\">\n<li>Audiovisual and interactive experiences&nbsp;&nbsp;<\/li>\n\n\n\n<li>Immersive experiences&nbsp;<\/li>\n\n\n\n<li>Affect and emotions&nbsp;<\/li>\n<\/ul>\n<\/div><figure class=\"wp-block-media-text__media\"><img loading=\"lazy\" decoding=\"async\" width=\"744\" height=\"1024\" src=\"https:\/\/assets.boitebeet.com\/ithq\/dev\/public\/uploads\/2024\/07\/Morin-Simard-Andreane-scaled-e1729789132816-744x1024.jpg\" alt=\"\" class=\"wp-image-45886 size-full\" srcset=\"https:\/\/assets.boitebeet.com\/ithq\/dev\/public\/uploads\/2024\/07\/Morin-Simard-Andreane-scaled-e1729789132816-744x1024.jpg 744w, https:\/\/assets.boitebeet.com\/ithq\/dev\/public\/uploads\/2024\/07\/Morin-Simard-Andreane-scaled-e1729789132816-218x300.jpg 218w, https:\/\/assets.boitebeet.com\/ithq\/dev\/public\/uploads\/2024\/07\/Morin-Simard-Andreane-scaled-e1729789132816-768x1057.jpg 768w, https:\/\/assets.boitebeet.com\/ithq\/dev\/public\/uploads\/2024\/07\/Morin-Simard-Andreane-scaled-e1729789132816-1116x1536.jpg 1116w, https:\/\/assets.boitebeet.com\/ithq\/dev\/public\/uploads\/2024\/07\/Morin-Simard-Andreane-scaled-e1729789132816-1488x2048.jpg 1488w, https:\/\/assets.boitebeet.com\/ithq\/dev\/public\/uploads\/2024\/07\/Morin-Simard-Andreane-scaled-e1729789132816-1000x1377.jpg 1000w, https:\/\/assets.boitebeet.com\/ithq\/dev\/public\/uploads\/2024\/07\/Morin-Simard-Andreane-scaled-e1729789132816.jpg 1537w\" sizes=\"auto, (max-width: 744px) 100vw, 744px\" \/><\/figure><\/div>\n\n\n\n<h3 class=\"wp-block-heading\" id=\"biographie\">Bio<\/h3>\n\n\n\n<p>Andr\u00e9ane Morin-Simard has been a research professional at ExperiSens since 2024.&nbsp;&nbsp;<\/p>\n\n\n\n<p>She holds a master&#8217;s degree in film studies from the Universit\u00e9 de Montr\u00e9al, a bachelor&#8217;s degree in film studies and comparative literature from the Universit\u00e9 de Montr\u00e9al, and a bachelor&#8217;s degree in psychology from the Universit\u00e9 du Qu\u00e9bec \u00e0 Montr\u00e9al (UQAM).&nbsp;&nbsp;<\/p>\n\n\n\n<p>With over 14 years of experience in the research and teaching fields specializing in the creative industries, Andr\u00e9ane has contributed to a number of research projects at the Universit\u00e9 de Montr\u00e9al&#8217;s LUDOV and Cin\u00e9M\u00e9dias laboratories, focussing primarily on video games and cinema. As part of her master&#8217;s and doctoral studies, she conducted research on the role of music in the experience of narrative and interactive media. She has also taught as a lecturer for the Minor in video game studies at Universit\u00e9 de Montr\u00e9al.&nbsp;<\/p>\n\n\n\n<p>Drawing on her expertise in audiovisual and tactile experiences, Andr\u00e9ane takes a particular interest in the affective and sensory dimensions of the tourist experience.&nbsp;<\/p>\n\n\n\n<h3 class=\"wp-block-heading\" id=\"projets-de-recherche-en-cours\">Current research projects<\/h3>\n\n\n\n<ul class=\"wp-block-list\">\n<li>Active living and social inclusion implementation for the elderly or people with reduced mobility using technology <strong>(co-researcher)<\/strong>&nbsp;<\/li>\n\n\n\n<li>Profile development of tourist client\u00e8le who travel with their dog <strong>(head researcher)<\/strong>&nbsp;<\/li>\n\n\n\n<li>Room fragrance design to upgrade the multisensory experience within a hotel environment <strong>(head researcher)<\/strong>&nbsp;<\/li>\n<\/ul>\n\n\n\n<h3 class=\"wp-block-heading\" id=\"communications\">Papers<\/h3>\n\n\n\n<p><strong>Peer-reviewed publications<\/strong><\/p>\n\n\n\n<p>Morin-Simard, A. (2019). M\u00e9moire et affect dans les recontextualisations multim\u00e9diatiques de chansons populaires : autour de Fortunate Son de CCR (1969), <em>Interm\u00e9dialit\u00e9s<\/em>, 33.&nbsp;<\/p>\n\n\n\n<p>Perron, B., Montembeault, H., Morin-Simard, A., &amp; Therrien, C. (2019). The Discourse Community&#8217;s Cut: Video Games and the Notion of Montage. <em>Intermedia Games &#8211; Games Intermedia: Video Games and Intermediality<\/em>, Jeff Thoss and Michael Fuchs (eds.), Bloomsbury.&nbsp;<\/p>\n\n\n\n<p>Maheux, F., and Morin-Simard, A. (with the collaboration of Bernard Perron and Dominic Arsenault). (2014). Les jeux vid\u00e9o au coeur de l\u2019art, de la soci\u00e9t\u00e9 et de la culture. <em>Variations<\/em>, no. 1, Mus\u00e9e de la civilisation \u00e0 Qu\u00e9bec, Objets et Savoirs.&nbsp;&nbsp;<\/p>\n\n\n\n<p><strong>Books and chapters<\/strong><\/p>\n\n\n\n<p>Morin-Simard, A. (2017). Du leitmotiv horrifique \u00e0 la chanson populaire : recontextualisations musicales dans American Horror Story. In <em>T\u00e9l\u00e9 en s\u00e9ries<\/em>, Marie-Christine Lambert-Perreault, J\u00e9r\u00f4me-Olivier Allard, Elaine Despr\u00e9s, and Simon Harel (eds.), XYZ \u00e9diteur, Montreal.&nbsp;&nbsp;<\/p>\n\n\n\n<p>Morin-Simard, A. (2016). Gamers (Don&#8217;t) Fear the Reaper: Musical Intertextuality and Interference in Video Games. In <em>Contemporary Research on Intertextuality in Video Games<\/em>, Christophe Duret, and Christian-Marie Pons (eds.), Information Science Reference, Hershey, PA.&nbsp;<\/p>\n\n\n\n<p><strong>Scientific conferences and seminars<\/strong><\/p>\n\n\n\n<p>Morin-Simard, A. (2017).\u202f(Music), broadcasting and (co)presence in Alan Wake and Call of Duty: Black Ops&#8221;, as part of the <em>&#8220;Immersion en\/jeux&#8221; Study Day<\/em> organized by students in the video games and gamification concentration of the Master&#8217;s in Communication at the Universit\u00e9 du Qu\u00e9bec \u00e0 Montr\u00e9al, May 2017.&nbsp;<\/p>\n\n\n\n<p>Morin-Simard, A. (2016). From Popular Music to Video Games: Genre under the Scope of Discourse Communities, as part of the <em>Annual Conference of the Canadian Association of Videogame Studies<\/em>. Calgary Congress of the Humanities and Social Sciences, University of Calgary, June 2016.&nbsp;<\/p>\n\n\n\n<p>Morin-Simard, A. (2016). The Discourse Community&#8217;s Cut: Video Games and the Notion of Montage&#8221;, as part of the <em>Annual Conference of the Film Studies Association of Canada<\/em>. Calgary Congress of the Humanities and Social Sciences, University of Calgary, May-June 2016.&nbsp;<\/p>\n\n\n\n<p>Morin-Simard, A. (2015). &#8220;I Ain&#8217;t No Fortunate One&#8221;: Popular Music, Circulation and Cultural Value in Video Games, as part of the <em>Annual Conference of the Canadian Association for Video Game Studies<\/em>. Calgary Congress of the Humanities and Social Sciences, University of Ottawa, June 2015.&nbsp;<\/p>\n\n\n\n<p>Morin-Simard, A. (2015). Les genres vid\u00e9oludiques au coeur de l&#8217;imaginaire des communaut\u00e9s de discours, in collaboration with Hugo Montembeault, Guillaume Roux-Girard, and Bernard Perron, as part of the <em>FIGURA International Colloquium Les imaginaires de la communaut\u00e9<\/em>. Universit\u00e9 du Qu\u00e9bec \u00e0 Montr\u00e9al, March 2015.&nbsp;<\/p>\n\n\n\n<p>Morin-Simard, A. (2015). From Attunement to Interference: A Typology of Musical Intertextuality in Video Games, in collaboration with Dominic Arsenault, as part of the North American Conference on Video Game Music. Texas Christian University, Fort Worth, January 2015.&nbsp;<\/p>\n\n\n\n<p>Morin-Simard, A. (2014). Video Game History as a Challenge to Video Game Theory: A Study of the Formal Aspects and Reception of Video Game Genres, in collaboration with Bernard Perron, Dominic Arsenault, Guillaume Roux-Girard, and Hugo Montembeault, as part of the <em>Annual Conference of the Canadian Association for Video Game Studies<\/em>. Congress of the Humanities, Brock University, Saint Catharines, May 2014.&nbsp;<\/p>\n\n\n\n<p>Morin-Simard, A. (2014). Du leitmotiv horrifique \u00e0 la chanson populaire : reprises musicales dans American Horror Story&#8221;, as part of the <em>Colloque<\/em> <em>T\u00e9l\u00e9 en s\u00e9rie : De la fascination populaire \u00e0 l\u2019observation critique<\/em>. Universit\u00e9 de Montr\u00e9al, May 2014.&nbsp;&nbsp;<\/p>\n\n\n\n<p>Morin-Simard, A. (2013). &#8220;Eye of the Tiger&#8221; : r\u00e9appropriations de la chanson populaire au cin\u00e9ma et \u00e0 la t\u00e9l\u00e9vision \u00bb, as part of the <em>Colloque Effet de distance(s).<\/em> Universit\u00e9 de Montr\u00e9al, November 2013.&nbsp;<\/p>\n\n\n\n<p>Morin-Simard, A. (2013). Interf\u00e9rence musicale dans les m\u00e9dias audiovisuels : r\u00e9flexion autour d&#8217;\u202f\u00ab\u202fIn Dreams\u202f\u00bb de Roy Orbison, as part of the <em>Colloque (in)d\u00e9pendances de l&#8217;image : philosophie, devenirs et intoxications<\/em>. Universit\u00e9 de Montr\u00e9al, May 2013.&nbsp;<\/p>\n\n\n\n<p>Morin-Simard, A. (2010). Ludicine Research Squad &#8211; No Missing in Action, in collaboration with Bernard Perron, Martin Picard, Guillaume Roux-Girard, and Carl Therrien, as part of the <em>Annual Conference of the Canadian Association for Video Game Studies<\/em>. Congress of the Humanities and Social Sciences, Concordia University, Montreal, May 2010.&nbsp;<\/p>\n\n\n\n<p><strong>Editorial roles &amp; responsibilities<\/strong><\/p>\n\n\n\n<p>Montembeault, H., Morin-Simard, A., Ray, J-C., Th\u00e9riault, P., &amp; Perron, B. (2019). <em>Kinephanos, Splendeur<\/em>(s) et mis\u00e8re(s) des genres vid\u00e9oludiques, special issue.&nbsp;<\/p>\n\n\n\n<p>Laurin, H. &amp; Morin-Simard, A. <em>(2016), <\/em>Connectivit\u00e9s musicales et m\u00e9diatiques : pratiques, circulation, interactions, <em>Kinephanos<\/em>, <em>6<\/em>(1).&nbsp;<\/p>\n\n\n\n<section class=\"wp-block-vortex-blocks-contact-cta-columns alignwide contact-cta-columns-block\"><div class=\"contact-cta-columns-block__columns\">\n<div class=\"wp-block-vortex-blocks-contact-cta contact-cta-block\"><div class=\"contact-cta-block__inner\"><div class=\"contact-cta__icon-wrapper\"><div><svg width=\"42\" height=\"44\" viewBox=\"0 0 42 44\" fill=\"none\" xmlns=\"http:\/\/www.w3.org\/2000\/svg\"><path d=\"M0 17.1999a4 4 0 0 1 1.6594-3.2437l17-12.2672c1.3975-1.0084 3.2837-1.0084 4.6812 0l17 12.2672A3.9998 3.9998 0 0 1 42 17.1999V40c0 2.2091-1.7909 4-4 4H4c-2.2091 0-4-1.7909-4-4V17.1999Z\" fill=\"#fff\" class=\"fill-background-color\"><\/path><path d=\"M0 17.1999a4 4 0 0 1 1.6594-3.2437l17-12.2672c1.3975-1.0084 3.2837-1.0084 4.6812 0l17 12.2672A3.9998 3.9998 0 0 1 42 17.1999V40c0 2.2091-1.7909 4-4 4H4c-2.2091 0-4-1.7909-4-4V17.1999Z\" fill=\"#000\" class=\"fill-base-color\" fill-opacity=\".4\"><\/path><path fill=\"#000\" class=\"fill-base-color\" d=\"M6 5h30v33H6z\"><\/path><path d=\"m0 20 21 11.1818L42 20v20c0 2.2091-1.7909 4-4 4H4c-2.2091 0-4-1.7909-4-4V20Z\" fill=\"#fff\" class=\"fill-background-color\"><\/path><path d=\"m0 20 21 11.1818L42 20v20c0 2.2091-1.7909 4-4 4H4c-2.2091 0-4-1.7909-4-4V20Z\" fill=\"#000\" class=\"fill-base-color\" fill-opacity=\".6\"><\/path><path d=\"M23 14h-4v4h-4v4h12v-4h-4v-4Z\" fill=\"#fff\"><\/path><\/svg><\/div><\/div>\n<h2 class=\"wp-block-heading\" id=\"coordonnees\">Contact information<\/h2>\n\n\n\n<p>andreane.morin-simard@ithq.qc.ca&nbsp;<\/p>\n<\/div><\/div>\n<\/div><\/section>\n","protected":false},"excerpt":{"rendered":"<p>Bio Andr\u00e9ane Morin-Simard has been a research professional at ExperiSens since 2024.&nbsp;&nbsp; She holds a master&#8217;s degree in film studies from the Universit\u00e9 de Montr\u00e9al, a bachelor&#8217;s degree in film&hellip;<\/p>\n","protected":false},"author":963,"featured_media":0,"parent":23948,"menu_order":0,"comment_status":"closed","ping_status":"closed","template":"","meta":{"_acf_changed":false,"_price":"","_stock":"","_tribe_ticket_header":"","_tribe_default_ticket_provider":"","_ticket_start_date":"","_ticket_end_date":"","_tribe_ticket_show_description":"","_tribe_ticket_show_not_going":false,"_tribe_ticket_use_global_stock":"","_tribe_ticket_global_stock_level":"","_global_stock_mode":"","_global_stock_cap":"","_tribe_rsvp_for_event":"","_tribe_ticket_going_count":"","_tribe_ticket_not_going_count":"","_tribe_tickets_list":"[]","_tribe_ticket_has_attendee_info_fields":false,"wpo365_audiences":[],"wpo365_private":false,"footnotes":"","_tec_slr_enabled":"","_tec_slr_layout":""},"class_list":["post-49939","page","type-page","status-publish","hentry"],"acf":[],"ticketed":false,"_links":{"self":[{"href":"https:\/\/ithq.devbeet.com\/en\/wp-json\/wp\/v2\/pages\/49939","targetHints":{"allow":["GET"]}}],"collection":[{"href":"https:\/\/ithq.devbeet.com\/en\/wp-json\/wp\/v2\/pages"}],"about":[{"href":"https:\/\/ithq.devbeet.com\/en\/wp-json\/wp\/v2\/types\/page"}],"author":[{"embeddable":true,"href":"https:\/\/ithq.devbeet.com\/en\/wp-json\/wp\/v2\/users\/963"}],"replies":[{"embeddable":true,"href":"https:\/\/ithq.devbeet.com\/en\/wp-json\/wp\/v2\/comments?post=49939"}],"version-history":[{"count":0,"href":"https:\/\/ithq.devbeet.com\/en\/wp-json\/wp\/v2\/pages\/49939\/revisions"}],"up":[{"embeddable":true,"href":"https:\/\/ithq.devbeet.com\/en\/wp-json\/wp\/v2\/pages\/23948"}],"wp:attachment":[{"href":"https:\/\/ithq.devbeet.com\/en\/wp-json\/wp\/v2\/media?parent=49939"}],"curies":[{"name":"wp","href":"https:\/\/api.w.org\/{rel}","templated":true}]}}